{"id":2387,"date":"2024-11-06T17:43:33","date_gmt":"2024-11-06T16:43:33","guid":{"rendered":"https:\/\/www.daras.eu\/asm\/?page_id=2387"},"modified":"2026-01-15T21:05:59","modified_gmt":"2026-01-15T20:05:59","slug":"home-cree-avec-elementor","status":"publish","type":"page","link":"https:\/\/www.daras.eu\/asm\/","title":{"rendered":"Home"},"content":{"rendered":"\t\t<div data-elementor-type=\"wp-page\" data-elementor-id=\"2387\" class=\"elementor elementor-2387\" data-elementor-post-type=\"page\">\n\t\t\t\t<div class=\"elementor-element elementor-element-bf1e196 e-con-full e-flex e-con e-parent\" data-id=\"bf1e196\" data-element_type=\"container\" data-e-type=\"container\">\n\t\t\t\t<div class=\"elementor-element elementor-element-0b65daa elementor-widget__width-initial elementor-widget elementor-widget-text-editor\" data-id=\"0b65daa\" data-element_type=\"widget\" data-e-type=\"widget\" data-widget_type=\"text-editor.default\">\n\t\t\t\t<div class=\"elementor-widget-container\">\n\t\t\t\t\t\t\t\t\t<p>\u00a0<span style=\"color: #ffffff;\">&#8211;<\/span><\/p>\t\t\t\t\t\t\t\t<\/div>\n\t\t\t\t<\/div>\n\t\t\t\t<\/div>\n\t\t<div class=\"elementor-element elementor-element-3fa50c8 e-con-full e-flex e-con e-parent\" data-id=\"3fa50c8\" data-element_type=\"container\" data-e-type=\"container\">\n\t\t\t\t<div class=\"elementor-element elementor-element-7353e62 elementor-widget__width-initial elementor-widget elementor-widget-text-editor\" data-id=\"7353e62\" data-element_type=\"widget\" data-e-type=\"widget\" data-widget_type=\"text-editor.default\">\n\t\t\t\t<div class=\"elementor-widget-container\">\n\t\t\t\t\t\t\t\t\t<p>\u00a0<span style=\"color: #ffffff;\">&#8211;<\/span><\/p>\t\t\t\t\t\t\t\t<\/div>\n\t\t\t\t<\/div>\n\t\t\t\t<div class=\"elementor-element elementor-element-6ffe7bb elementor-widget elementor-widget-text-editor\" data-id=\"6ffe7bb\" data-element_type=\"widget\" data-e-type=\"widget\" data-widget_type=\"text-editor.default\">\n\t\t\t\t<div class=\"elementor-widget-container\">\n\t\t\t\t\t\t\t\t\t<p><span style=\"color: #ffffff;\">&#8211;<\/span><\/p>\t\t\t\t\t\t\t\t<\/div>\n\t\t\t\t<\/div>\n\t\t\t\t<div class=\"elementor-element elementor-element-a5acddf elementor-widget elementor-widget-text-editor\" data-id=\"a5acddf\" data-element_type=\"widget\" data-e-type=\"widget\" data-widget_type=\"text-editor.default\">\n\t\t\t\t<div class=\"elementor-widget-container\">\n\t\t\t\t\t\t\t\t\t<p><span style=\"color: #ffffff;\">&#8211;<\/span><\/p>\t\t\t\t\t\t\t\t<\/div>\n\t\t\t\t<\/div>\n\t\t\t\t<\/div>\n\t\t<div class=\"elementor-element elementor-element-f966b2f e-con-full e-flex e-con e-parent\" data-id=\"f966b2f\" data-element_type=\"container\" data-e-type=\"container\">\n\t\t\t\t<div class=\"elementor-element elementor-element-b2d778e elementor-widget elementor-widget-heading\" data-id=\"b2d778e\" data-element_type=\"widget\" data-e-type=\"widget\" data-widget_type=\"heading.default\">\n\t\t\t\t<div class=\"elementor-widget-container\">\n\t\t\t\t\t<h5 class=\"elementor-heading-title elementor-size-default\">Peintre de la Baie de Somme<\/h5>\t\t\t\t<\/div>\n\t\t\t\t<\/div>\n\t\t\t\t<\/div>\n\t\t<div class=\"elementor-element elementor-element-c6de9da e-con-full e-flex e-con e-parent\" data-id=\"c6de9da\" data-element_type=\"container\" data-e-type=\"container\">\n\t\t\t\t<\/div>\n\t\t<div class=\"elementor-element elementor-element-018254d e-con-full e-flex e-con e-parent\" data-id=\"018254d\" data-element_type=\"container\" data-e-type=\"container\" data-settings=\"{&quot;background_background&quot;:&quot;classic&quot;}\">\n\t\t\t\t<div class=\"elementor-element elementor-element-d8c8a64 elementor-widget__width-initial elementor-widget elementor-widget-text-editor\" data-id=\"d8c8a64\" data-element_type=\"widget\" data-e-type=\"widget\" data-widget_type=\"text-editor.default\">\n\t\t\t\t<div class=\"elementor-widget-container\">\n\t\t\t\t\t\t\t\t\t<p><span style=\"color: #000000;\"><em>Inauguration de la restauration des d\u00e9cors peints de l&rsquo;ancienne salle de justice du Beffroi de Rue, d\u00e9cembre 2023<\/em> <em>(vue partielle)<\/em><\/span><\/p>\t\t\t\t\t\t\t\t<\/div>\n\t\t\t\t<\/div>\n\t\t\t\t<\/div>\n\t\t<div class=\"elementor-element elementor-element-9dd7960 e-con-full e-flex e-con e-parent\" data-id=\"9dd7960\" data-element_type=\"container\" data-e-type=\"container\">\n\t\t\t\t<div class=\"elementor-element elementor-element-15f25fe elementor-widget__width-initial elementor-widget elementor-widget-text-editor\" data-id=\"15f25fe\" data-element_type=\"widget\" data-e-type=\"widget\" data-widget_type=\"text-editor.default\">\n\t\t\t\t<div class=\"elementor-widget-container\">\n\t\t\t\t\t\t\t\t\t<p>\u00a0<\/p><p><strong>Albert Siffait de Moncourt est un peintre tr\u00e8s ind\u00e9pendant qualifi\u00e9 de post-impressionniste<\/strong>, en relation des artistes de son temps tels que Le Sidaner, Braquaval, Aman-Jean, Vail, Henry Daras rattach\u00e9 au mouvement symboliste, Eug\u00e8ne Chigot, Seurat.. ainsi que le marchand d&rsquo;art Durand Ruel.<\/p><p>\u00a0<\/p><p><strong>Sa vision dans l&rsquo;art de peindre :<\/strong><br \/>\u00ab Accorder mon temp\u00e9rament et la nature, mettre le plus de moi-m\u00eame dans un sujet dont je respecte cependant avec soin les donn\u00e9es objectives ; faire sortir des paysages que je peins, des vieux canaux myst\u00e9rieux, des pierres charg\u00e9es d\u2019un humain travail, d\u2019une humaine pens\u00e9e, la po\u00e9sie qu\u2019ils contiennent, voil\u00e0 la langue particuli\u00e8re que je cherche \u00e0 parler \u00bb.<br \/>Albert Siffait de Moncourt.<\/p>\t\t\t\t\t\t\t\t<\/div>\n\t\t\t\t<\/div>\n\t\t\t\t<\/div>\n\t\t<div class=\"elementor-element elementor-element-ba63a2d e-con-full e-flex e-con e-parent\" data-id=\"ba63a2d\" data-element_type=\"container\" data-e-type=\"container\">\n\t\t\t\t<\/div>\n\t\t<div class=\"elementor-element elementor-element-411c992 e-grid e-con-full e-con e-parent\" data-id=\"411c992\" data-element_type=\"container\" data-e-type=\"container\">\n\t\t\t\t<div class=\"elementor-element elementor-element-c386300 elementor-widget elementor-widget-image\" data-id=\"c386300\" data-element_type=\"widget\" data-e-type=\"widget\" data-widget_type=\"image.default\">\n\t\t\t\t<div class=\"elementor-widget-container\">\n\t\t\t\t\t\t\t\t\t\t\t\t<figure class=\"wp-caption\">\n\t\t\t\t\t\t\t\t\t\t<img fetchpriority=\"high\" decoding=\"async\" width=\"570\" height=\"381\" src=\"https:\/\/www.daras.eu\/wp-content\/uploads\/2024\/11\/242.jpg\" class=\"attachment-large size-large wp-image-2289\" alt=\"bateau voile mar\u00e9e basse p\u00eache sable\" srcset=\"https:\/\/www.daras.eu\/wp-content\/uploads\/2024\/11\/242.jpg 570w, https:\/\/www.daras.eu\/wp-content\/uploads\/2024\/11\/242-300x201.jpg 300w\" sizes=\"(max-width: 570px) 100vw, 570px\" \/>\t\t\t\t\t\t\t\t\t\t\t<figcaption class=\"widget-image-caption wp-caption-text\">Bateaux de p\u00eache \u00e9chou\u00e9s \u00e0 mar\u00e9e basse au Crotoy. Peinture \u00e0 l'huile sur toile. R\u00e9f.  :ASM281-Cr\u00e9dit photo : D. Bettefort, mus\u00e9e Boucher de Perthes. Coll. part.<\/figcaption>\n\t\t\t\t\t\t\t\t\t\t<\/figure>\n\t\t\t\t\t\t\t\t\t<\/div>\n\t\t\t\t<\/div>\n\t\t<div class=\"elementor-element elementor-element-4d75cf2 e-con-full e-flex e-con e-child\" data-id=\"4d75cf2\" data-element_type=\"container\" data-e-type=\"container\">\n\t\t\t\t<div class=\"elementor-element elementor-element-e2781de elementor-widget__width-initial elementor-widget elementor-widget-image\" data-id=\"e2781de\" data-element_type=\"widget\" data-e-type=\"widget\" data-widget_type=\"image.default\">\n\t\t\t\t<div class=\"elementor-widget-container\">\n\t\t\t\t\t\t\t\t\t\t\t\t<figure class=\"wp-caption\">\n\t\t\t\t\t\t\t\t\t\t<img decoding=\"async\" src=\"https:\/\/www.daras.eu\/wp-content\/uploads\/elementor\/thumbs\/asm000webLN-IMG_7263-r40zivb0rgm6l7j7bpw1sq8hfyti8gwbcy8tk213o0.jpg\" title=\"asm463webLN-IMG_7263\" alt=\"Coucher de soleil sur la baie de Somme. Le peintre a saisi les derni\u00e8res nuances des reflets du soleil sur les nuages avec une sym\u00e9trie des couleurs entre le ciel et l&#039;eau. Huile sur toile. Signature A. de Moncourt. R\u00e9f. Cat. : ASM463. Coll. part.\" loading=\"lazy\" \/>\t\t\t\t\t\t\t\t\t\t\t<figcaption class=\"widget-image-caption wp-caption-text\">Coucher de soleil sur la baie de Somme. Le peintre a saisi les derni\u00e8res nuances des reflets du soleil sur les nuages avec une sym\u00e9trie des couleurs entre le ciel et l'eau. Huile sur toile. Signature A. de Moncourt. R\u00e9f. Cat. : ASM463. Coll. part. <\/figcaption>\n\t\t\t\t\t\t\t\t\t\t<\/figure>\n\t\t\t\t\t\t\t\t\t<\/div>\n\t\t\t\t<\/div>\n\t\t\t\t<\/div>\n\t\t\t\t<\/div>\n\t\t<div class=\"elementor-element elementor-element-af9e568 e-con-full e-flex e-con e-parent\" data-id=\"af9e568\" data-element_type=\"container\" data-e-type=\"container\">\n\t\t\t\t<div class=\"elementor-element elementor-element-f9c1830 elementor-widget elementor-widget-text-editor\" data-id=\"f9c1830\" data-element_type=\"widget\" data-e-type=\"widget\" data-widget_type=\"text-editor.default\">\n\t\t\t\t<div class=\"elementor-widget-container\">\n\t\t\t\t\t\t\t\t\t<p><strong>C\u2019est un provincial passionn\u00e9 par son territoire : Le Marquenterre<\/strong> (connu pour son parc au bord de la Baie de Somme) en Picardie maritime.<br \/>Il expose cependant tr\u00e8s r\u00e9guli\u00e8rement dans les Salons parisiens de 1884 \u00e0 1929 : salons des Tuileries puis salons de la Soci\u00e9t\u00e9 Nationale des Beaux-Arts (en 1898, il est membre associ\u00e9 au salon) ainsi qu\u2019\u00e0 l\u2019Exposition Universelle de 1900.<\/p>\t\t\t\t\t\t\t\t<\/div>\n\t\t\t\t<\/div>\n\t\t\t\t<\/div>\n\t\t<div class=\"elementor-element elementor-element-9b6f065 e-grid e-con-full e-con e-parent\" data-id=\"9b6f065\" data-element_type=\"container\" data-e-type=\"container\">\n\t\t\t\t<div class=\"elementor-element elementor-element-053cb28 elementor-widget elementor-widget-image\" data-id=\"053cb28\" data-element_type=\"widget\" data-e-type=\"widget\" data-widget_type=\"image.default\">\n\t\t\t\t<div class=\"elementor-widget-container\">\n\t\t\t\t\t\t\t\t\t\t\t\t<figure class=\"wp-caption\">\n\t\t\t\t\t\t\t\t\t\t<img decoding=\"async\" src=\"https:\/\/www.daras.eu\/wp-content\/uploads\/elementor\/thumbs\/asm457p_feux_st_jean_IMG_5494-Copie-r40zioq6f57nq3gm6jotb918ze2xxkuuluzpg0jt9k.jpg\" title=\"asm457p_feux_st_jean_IMG_5494 &#8211; Copie\" alt=\"F\u00eate de la Saint Jean \u00e0 Amiens. Les feux de la Saint Jean f\u00eatent le solstice d\u2019e\u0301te\u0301 le 24 juin (ou jour proche suivant les ann\u00e9es), c&#039;est le jour le plus long de l\u2019anne\u0301e annon\u00e7ant l&#039;\u00e9t\u00e9, on fe\u0302te la lumie\u0300re et l\u2019arrive\u0301e de l\u2019e\u0301te\u0301. Au fond du tableau la cath\u00e9drale d&#039;Amiens. Le cadrage original de cette sc\u00e8ne exprime bien l&#039;originalit\u00e9 de l&#039;artiste. Huile sur toile.\n55 x 46.  R\u00e9f. catalogue : ASM457\" loading=\"lazy\" \/>\t\t\t\t\t\t\t\t\t\t\t<figcaption class=\"widget-image-caption wp-caption-text\">F\u00eate de la Saint Jean \u00e0 Amiens. Les feux de la Saint Jean f\u00eatent le solstice d\u2019e\u0301te\u0301 le 24 juin (ou jour proche suivant les ann\u00e9es), c'est le jour le plus long de l\u2019anne\u0301e annon\u00e7ant l'\u00e9t\u00e9, on fe\u0302te la lumie\u0300re et l\u2019arrive\u0301e de l\u2019e\u0301te\u0301. Au fond du tableau la cath\u00e9drale d'Amiens. Le cadrage original de cette sc\u00e8ne exprime bien l'originalit\u00e9 de l'artiste. Huile sur toile.\n55 x 46.  R\u00e9f. catalogue : ASM457<\/figcaption>\n\t\t\t\t\t\t\t\t\t\t<\/figure>\n\t\t\t\t\t\t\t\t\t<\/div>\n\t\t\t\t<\/div>\n\t\t\t\t<div class=\"elementor-element elementor-element-a567fea elementor-widget elementor-widget-image\" data-id=\"a567fea\" data-element_type=\"widget\" data-e-type=\"widget\" data-widget_type=\"image.default\">\n\t\t\t\t<div class=\"elementor-widget-container\">\n\t\t\t\t\t\t\t\t\t\t\t\t<figure class=\"wp-caption\">\n\t\t\t\t\t\t\t\t\t\t<img decoding=\"async\" width=\"378\" height=\"500\" src=\"https:\/\/www.daras.eu\/wp-content\/uploads\/2024\/11\/asm003artprice2.jpg\" class=\"attachment-large size-large wp-image-2765\" alt=\"\" srcset=\"https:\/\/www.daras.eu\/wp-content\/uploads\/2024\/11\/asm003artprice2.jpg 378w, https:\/\/www.daras.eu\/wp-content\/uploads\/2024\/11\/asm003artprice2-227x300.jpg 227w\" sizes=\"(max-width: 378px) 100vw, 378px\" \/>\t\t\t\t\t\t\t\t\t\t\t<figcaption class=\"widget-image-caption wp-caption-text\">Cath\u00e9drale de Saint-Omer (Pas de Calais), peinture \u00e0 l'huile sur toile, H. 70 - L. 35,7  cm. Cr\u00e9dit photo : D. Bettefort, mus\u00e9e Boucher de Perthes. Coll. part. R\u00e9f. catalogue : ASM003<\/figcaption>\n\t\t\t\t\t\t\t\t\t\t<\/figure>\n\t\t\t\t\t\t\t\t\t<\/div>\n\t\t\t\t<\/div>\n\t\t\t\t<\/div>\n\t\t<div class=\"elementor-element elementor-element-c8ba58f e-con-full e-flex e-con e-parent\" data-id=\"c8ba58f\" data-element_type=\"container\" data-e-type=\"container\">\n\t\t\t\t<div class=\"elementor-element elementor-element-151efd5 elementor-widget__width-initial elementor-widget elementor-widget-text-editor\" data-id=\"151efd5\" data-element_type=\"widget\" data-e-type=\"widget\" data-widget_type=\"text-editor.default\">\n\t\t\t\t<div class=\"elementor-widget-container\">\n\t\t\t\t\t\t\t\t\t<p>\u00a0<span style=\"color: #ffffff;\">&#8211;<\/span><\/p>\t\t\t\t\t\t\t\t<\/div>\n\t\t\t\t<\/div>\n\t\t\t\t<\/div>\n\t\t<div class=\"elementor-element elementor-element-82029fb e-con-full e-flex e-con e-parent\" data-id=\"82029fb\" data-element_type=\"container\" data-e-type=\"container\">\n\t\t\t\t<div class=\"elementor-element elementor-element-9d59b82 elementor-widget__width-initial elementor-widget elementor-widget-text-editor\" data-id=\"9d59b82\" data-element_type=\"widget\" data-e-type=\"widget\" data-widget_type=\"text-editor.default\">\n\t\t\t\t<div class=\"elementor-widget-container\">\n\t\t\t\t\t\t\t\t\t<hr \/><p><b>Un catalogue r\u00e9pertorie plus de 400 \u0153uvres<\/b>, elles sont soit \u00ab monumentales \u00bb et visibles dans des lieux publics (ville de RUE) soit pour l\u2019essentiel des peintures \u00e0 l\u2019huile sur toile ou sur fibrociment. Ces \u0153uvres sont dispers\u00e9es en grande partie dans sa famille.\u00a0<\/p><p><span style=\"color: #003300;\">Ses 50 ann\u00e9es de cr\u00e9ation abordent une diversit\u00e9 de th\u00e8mes pr\u00e9sent\u00e9e sur ce site.<\/span><\/p>\t\t\t\t\t\t\t\t<\/div>\n\t\t\t\t<\/div>\n\t\t\t\t<\/div>\n\t\t<div class=\"elementor-element elementor-element-26633b0 e-con-full e-flex e-con e-parent\" data-id=\"26633b0\" data-element_type=\"container\" data-e-type=\"container\">\n\t\t<div class=\"elementor-element elementor-element-9cbd78e e-grid e-con-full e-con e-child\" data-id=\"9cbd78e\" data-element_type=\"container\" data-e-type=\"container\">\n\t\t\t\t<div class=\"elementor-element elementor-element-473b2a6 elementor-position-top elementor-widget elementor-widget-image-box\" data-id=\"473b2a6\" data-element_type=\"widget\" data-e-type=\"widget\" data-widget_type=\"image-box.default\">\n\t\t\t\t<div class=\"elementor-widget-container\">\n\t\t\t\t\t<div class=\"elementor-image-box-wrapper\"><figure class=\"elementor-image-box-img\"><a href=\"https:\/\/www.daras.eu\/asm\/vie-peintre\/\" tabindex=\"-1\"><img decoding=\"async\" width=\"34\" height=\"25\" src=\"https:\/\/www.daras.eu\/wp-content\/uploads\/2025\/02\/droite.jpg\" class=\"attachment-thumbnail size-thumbnail wp-image-6124\" alt=\"\" \/><\/a><\/figure><div class=\"elementor-image-box-content\"><h3 class=\"elementor-image-box-title\"><a href=\"https:\/\/www.daras.eu\/asm\/vie-peintre\/\">SUIVANT<\/a><\/h3><p class=\"elementor-image-box-description\">La vie du peintre<\/p><\/div><\/div>\t\t\t\t<\/div>\n\t\t\t\t<\/div>\n\t\t\t\t<\/div>\n\t\t\t\t<\/div>\n\t\t\t\t<\/div>\n\t\t","protected":false},"excerpt":{"rendered":"<p>\u00a0&#8211; \u00a0&#8211; &#8211; &#8211; Peintre de la Baie de Somme Inauguration de la restauration des d\u00e9cors peints de l&rsquo;ancienne salle de justice du Beffroi de Rue, d\u00e9cembre 2023 (vue partielle) \u00a0 Albert Siffait de Moncourt est un peintre tr\u00e8s ind\u00e9pendant qualifi\u00e9 de post-impressionniste, en relation des artistes de son temps tels que Le Sidaner, Braquaval, [&hellip;]<\/p>\n","protected":false},"author":1,"featured_media":0,"parent":0,"menu_order":0,"comment_status":"closed","ping_status":"closed","template":"","meta":{"site-sidebar-layout":"no-sidebar","site-content-layout":"page-builder","ast-site-content-layout":"full-width-container","site-content-style":"default","site-sidebar-style":"default","ast-global-header-display":"","ast-banner-title-visibility":"","ast-main-header-display":"","ast-hfb-above-header-display":"","ast-hfb-below-header-display":"","ast-hfb-mobile-header-display":"","site-post-title":"disabled","ast-breadcrumbs-content":"","ast-featured-img":"disabled","footer-sml-layout":"","ast-disable-related-posts":"","theme-transparent-header-meta":"","adv-header-id-meta":"","stick-header-meta":"","header-above-stick-meta":"","header-main-stick-meta":"","header-below-stick-meta":"","astra-migrate-meta-layouts":"set","ast-page-background-enabled":"default","ast-page-background-meta":{"desktop":{"background-color":"var(--ast-global-color-4)","background-image":"","background-repeat":"repeat","background-position":"center center","background-size":"auto","background-attachment":"scroll","background-type":"","background-media":"","overlay-type":"","overlay-color":"","overlay-opacity":"","overlay-gradient":""},"tablet":{"background-color":"","background-image":"","background-repeat":"repeat","background-position":"center center","background-size":"auto","background-attachment":"scroll","background-type":"","background-media":"","overlay-type":"","overlay-color":"","overlay-opacity":"","overlay-gradient":""},"mobile":{"background-color":"","background-image":"","background-repeat":"repeat","background-position":"center center","background-size":"auto","background-attachment":"scroll","background-type":"","background-media":"","overlay-type":"","overlay-color":"","overlay-opacity":"","overlay-gradient":""}},"ast-content-background-meta":{"desktop":{"background-color":"var(--ast-global-color-5)","background-image":"","background-repeat":"repeat","background-position":"center center","background-size":"auto","background-attachment":"scroll","background-type":"","background-media":"","overlay-type":"","overlay-color":"","overlay-opacity":"","overlay-gradient":""},"tablet":{"background-color":"var(--ast-global-color-5)","background-image":"","background-repeat":"repeat","background-position":"center center","background-size":"auto","background-attachment":"scroll","background-type":"","background-media":"","overlay-type":"","overlay-color":"","overlay-opacity":"","overlay-gradient":""},"mobile":{"background-color":"var(--ast-global-color-5)","background-image":"","background-repeat":"repeat","background-position":"center center","background-size":"auto","background-attachment":"scroll","background-type":"","background-media":"","overlay-type":"","overlay-color":"","overlay-opacity":"","overlay-gradient":""}},"footnotes":""},"class_list":["post-2387","page","type-page","status-publish","hentry"],"rttpg_featured_image_url":null,"rttpg_author":{"display_name":"xdaras","author_link":"https:\/\/www.daras.eu\/asm\/author\/xdaras\/"},"rttpg_comment":0,"rttpg_category":null,"rttpg_excerpt":"\u00a0&#8211; \u00a0&#8211; &#8211; &#8211; Peintre de la Baie de Somme Inauguration de la restauration des d\u00e9cors peints de l&rsquo;ancienne salle de justice du Beffroi de Rue, d\u00e9cembre 2023 (vue partielle) \u00a0 Albert Siffait de Moncourt est un peintre tr\u00e8s ind\u00e9pendant qualifi\u00e9 de post-impressionniste, en relation des artistes de son temps tels que Le Sidaner, Braquaval,\u2026","_links":{"self":[{"href":"https:\/\/www.daras.eu\/asm\/wp-json\/wp\/v2\/pages\/2387","targetHints":{"allow":["GET"]}}],"collection":[{"href":"https:\/\/www.daras.eu\/asm\/wp-json\/wp\/v2\/pages"}],"about":[{"href":"https:\/\/www.daras.eu\/asm\/wp-json\/wp\/v2\/types\/page"}],"author":[{"embeddable":true,"href":"https:\/\/www.daras.eu\/asm\/wp-json\/wp\/v2\/users\/1"}],"replies":[{"embeddable":true,"href":"https:\/\/www.daras.eu\/asm\/wp-json\/wp\/v2\/comments?post=2387"}],"version-history":[{"count":761,"href":"https:\/\/www.daras.eu\/asm\/wp-json\/wp\/v2\/pages\/2387\/revisions"}],"predecessor-version":[{"id":8734,"href":"https:\/\/www.daras.eu\/asm\/wp-json\/wp\/v2\/pages\/2387\/revisions\/8734"}],"wp:attachment":[{"href":"https:\/\/www.daras.eu\/asm\/wp-json\/wp\/v2\/media?parent=2387"}],"curies":[{"name":"wp","href":"https:\/\/api.w.org\/{rel}","templated":true}]}}