{"id":3320,"date":"2024-12-24T21:44:43","date_gmt":"2024-12-24T20:44:43","guid":{"rendered":"https:\/\/www.daras.eu\/asm\/?page_id=3320"},"modified":"2025-04-09T10:36:00","modified_gmt":"2025-04-09T08:36:00","slug":"2-peintures-autour-de-la-baie-de-somme","status":"publish","type":"page","link":"https:\/\/www.daras.eu\/asm\/2-peintures-autour-de-la-baie-de-somme\/","title":{"rendered":"2 &#8211; Peintures autour de la Baie de Somme"},"content":{"rendered":"\t\t<div data-elementor-type=\"wp-page\" data-elementor-id=\"3320\" class=\"elementor elementor-3320\" data-elementor-post-type=\"page\">\n\t\t\t\t<div class=\"elementor-element elementor-element-3f83ed1 e-flex e-con-boxed e-con e-parent\" data-id=\"3f83ed1\" data-element_type=\"container\" data-e-type=\"container\">\n\t\t\t\t\t<div class=\"e-con-inner\">\n\t\t\t\t<div class=\"elementor-element elementor-element-164faf0 elementor-widget elementor-widget-text-editor\" data-id=\"164faf0\" data-element_type=\"widget\" data-e-type=\"widget\" data-widget_type=\"text-editor.default\">\n\t\t\t\t<div class=\"elementor-widget-container\">\n\t\t\t\t\t\t\t\t\t<p><span style=\"color: #ffffff;\">&#8211;<\/span><\/p>\t\t\t\t\t\t\t\t<\/div>\n\t\t\t\t<\/div>\n\t\t\t\t\t<\/div>\n\t\t\t\t<\/div>\n\t\t<div class=\"elementor-element elementor-element-b7d078c e-con-full e-flex e-con e-parent\" data-id=\"b7d078c\" data-element_type=\"container\" data-e-type=\"container\">\n\t\t\t\t<div class=\"elementor-element elementor-element-bf49c2c elementor-widget elementor-widget-text-editor\" data-id=\"bf49c2c\" data-element_type=\"widget\" data-e-type=\"widget\" data-widget_type=\"text-editor.default\">\n\t\t\t\t<div class=\"elementor-widget-container\">\n\t\t\t\t\t\t\t\t\t<p><span style=\"color: #ffffff;\">&#8211;<\/span><\/p>\t\t\t\t\t\t\t\t<\/div>\n\t\t\t\t<\/div>\n\t\t\t\t<div class=\"elementor-element elementor-element-8cfe5af elementor-widget elementor-widget-heading\" data-id=\"8cfe5af\" data-element_type=\"widget\" data-e-type=\"widget\" data-widget_type=\"heading.default\">\n\t\t\t\t<div class=\"elementor-widget-container\">\n\t\t\t\t\t<h5 class=\"elementor-heading-title elementor-size-default\">\nPeintures autour de la baie de Somme<\/h5>\t\t\t\t<\/div>\n\t\t\t\t<\/div>\n\t\t\t\t<\/div>\n\t\t<div class=\"elementor-element elementor-element-d2152a7 e-con-full e-flex e-con e-parent\" data-id=\"d2152a7\" data-element_type=\"container\" data-e-type=\"container\">\n\t\t\t\t<div class=\"elementor-element elementor-element-7666f81 elementor-widget__width-initial elementor-widget elementor-widget-text-editor\" data-id=\"7666f81\" data-element_type=\"widget\" data-e-type=\"widget\" data-widget_type=\"text-editor.default\">\n\t\t\t\t<div class=\"elementor-widget-container\">\n\t\t\t\t\t\t\t\t\t<p>\u00a0<\/p><p>La baie de Somme est une source d&rsquo;inspiration infinie pour les artistes peintre ou photographe. Les mar\u00e9es alternent \u00e0 de amplitudes vari\u00e9es,\u00a0 la mer et les\u00a0 \u00e9tendues de sable, le ciel change r\u00e9guli\u00e8rement avec les nuages et leurs diversit\u00e9s de gris : toute cette diversit\u00e9 de sc\u00e8nes inspire une grande vari\u00e9t\u00e9 de cr\u00e9ations. A cela s&rsquo;ajoute le charme des bateaux \u00e0 voiles des p\u00eacheurs encore utilis\u00e9s au d\u00e9but du XX\u00e8me. Albert Siffait de Moncourt dit que \u00ab\u00a0dans le midi avec son ciel toujours bleu rien ne se passe, ici tout se passe\u00a0\u00bb<em> (repris de m\u00e9moire, texte original \u00e0 retrouver).\u00a0<\/em><\/p>\t\t\t\t\t\t\t\t<\/div>\n\t\t\t\t<\/div>\n\t\t\t\t<\/div>\n\t\t<div class=\"elementor-element elementor-element-b421578 e-con-full e-flex e-con e-parent\" data-id=\"b421578\" data-element_type=\"container\" data-e-type=\"container\">\n\t\t<div class=\"elementor-element elementor-element-2d44140 e-grid e-con-boxed e-con e-child\" data-id=\"2d44140\" data-element_type=\"container\" data-e-type=\"container\">\n\t\t\t\t\t<div class=\"e-con-inner\">\n\t\t\t\t<div class=\"elementor-element elementor-element-85d1f81 elementor-widget elementor-widget-image\" data-id=\"85d1f81\" data-element_type=\"widget\" data-e-type=\"widget\" data-widget_type=\"image.default\">\n\t\t\t\t<div class=\"elementor-widget-container\">\n\t\t\t\t\t\t\t\t\t\t\t\t<figure class=\"wp-caption\">\n\t\t\t\t\t\t\t\t\t\t<img fetchpriority=\"high\" decoding=\"async\" width=\"864\" height=\"879\" src=\"https:\/\/www.daras.eu\/wp-content\/uploads\/2024\/11\/asm236p_bateaux.jpg\" class=\"attachment-large size-large wp-image-2771\" alt=\"\" srcset=\"https:\/\/www.daras.eu\/wp-content\/uploads\/2024\/11\/asm236p_bateaux.jpg 864w, https:\/\/www.daras.eu\/wp-content\/uploads\/2024\/11\/asm236p_bateaux-295x300.jpg 295w, https:\/\/www.daras.eu\/wp-content\/uploads\/2024\/11\/asm236p_bateaux-768x781.jpg 768w\" sizes=\"(max-width: 864px) 100vw, 864px\" \/>\t\t\t\t\t\t\t\t\t\t\t<figcaption class=\"widget-image-caption wp-caption-text\">Echouage \u00e0 mar\u00e9e basse (Le Crotoy). Huile sur fibrociment, 30 x 30. sign\u00e9 en B \u00e0 D. R\u00e9f. Cat. ASM236. Coll. part.<\/figcaption>\n\t\t\t\t\t\t\t\t\t\t<\/figure>\n\t\t\t\t\t\t\t\t\t<\/div>\n\t\t\t\t<\/div>\n\t\t\t\t<div class=\"elementor-element elementor-element-16b69e6 elementor-widget elementor-widget-image\" data-id=\"16b69e6\" data-element_type=\"widget\" data-e-type=\"widget\" data-widget_type=\"image.default\">\n\t\t\t\t<div class=\"elementor-widget-container\">\n\t\t\t\t\t\t\t\t\t\t\t\t<figure class=\"wp-caption\">\n\t\t\t\t\t\t\t\t\t\t<img decoding=\"async\" width=\"1024\" height=\"835\" src=\"https:\/\/www.daras.eu\/wp-content\/uploads\/2025\/01\/asm097pp_carrelet_IMG_1547-1024x835.jpg\" class=\"attachment-large size-large wp-image-4162\" alt=\"\" srcset=\"https:\/\/www.daras.eu\/wp-content\/uploads\/2025\/01\/asm097pp_carrelet_IMG_1547-1024x835.jpg 1024w, https:\/\/www.daras.eu\/wp-content\/uploads\/2025\/01\/asm097pp_carrelet_IMG_1547-300x245.jpg 300w, https:\/\/www.daras.eu\/wp-content\/uploads\/2025\/01\/asm097pp_carrelet_IMG_1547-768x626.jpg 768w, https:\/\/www.daras.eu\/wp-content\/uploads\/2025\/01\/asm097pp_carrelet_IMG_1547-1536x1252.jpg 1536w, https:\/\/www.daras.eu\/wp-content\/uploads\/2025\/01\/asm097pp_carrelet_IMG_1547-2048x1669.jpg 2048w\" sizes=\"(max-width: 1024px) 100vw, 1024px\" \/>\t\t\t\t\t\t\t\t\t\t\t<figcaption class=\"widget-image-caption wp-caption-text\">La p\u00eache au carrelet. A c\u00f4t\u00e9 du port du Crotoy, \u00e0 l'horizon au fond de la baie, Saint-Val\u00e9ry. huile sur toile. Coll. part. NB : le carrelet est le nom du filet utilis\u00e9. R\u00e9f. catalogue : ASM097\n<\/figcaption>\n\t\t\t\t\t\t\t\t\t\t<\/figure>\n\t\t\t\t\t\t\t\t\t<\/div>\n\t\t\t\t<\/div>\n\t\t\t\t<div class=\"elementor-element elementor-element-4cce774 elementor-widget elementor-widget-image\" data-id=\"4cce774\" data-element_type=\"widget\" data-e-type=\"widget\" data-widget_type=\"image.default\">\n\t\t\t\t<div class=\"elementor-widget-container\">\n\t\t\t\t\t\t\t\t\t\t\t\t<figure class=\"wp-caption\">\n\t\t\t\t\t\t\t\t\t\t<img decoding=\"async\" width=\"1024\" height=\"788\" src=\"https:\/\/www.daras.eu\/wp-content\/uploads\/2024\/12\/asm454p1_MG_5574-1024x788.jpg\" class=\"attachment-large size-large wp-image-2960\" alt=\"\" srcset=\"https:\/\/www.daras.eu\/wp-content\/uploads\/2024\/12\/asm454p1_MG_5574-1024x788.jpg 1024w, https:\/\/www.daras.eu\/wp-content\/uploads\/2024\/12\/asm454p1_MG_5574-300x231.jpg 300w, https:\/\/www.daras.eu\/wp-content\/uploads\/2024\/12\/asm454p1_MG_5574-768x591.jpg 768w, https:\/\/www.daras.eu\/wp-content\/uploads\/2024\/12\/asm454p1_MG_5574-1536x1183.jpg 1536w, https:\/\/www.daras.eu\/wp-content\/uploads\/2024\/12\/asm454p1_MG_5574-2048x1577.jpg 2048w\" sizes=\"(max-width: 1024px) 100vw, 1024px\" \/>\t\t\t\t\t\t\t\t\t\t\t<figcaption class=\"widget-image-caption wp-caption-text\">L'estacade du port du Crotoy (Baie de Somme). Au d\u00e9but du XX\u00e8me si\u00e8cle des bateaux \u00e0 voile des p\u00eacheurs \u00e0 mar\u00e9e basse. R\u00e9f. catalogue ASM 354.<\/figcaption>\n\t\t\t\t\t\t\t\t\t\t<\/figure>\n\t\t\t\t\t\t\t\t\t<\/div>\n\t\t\t\t<\/div>\n\t\t\t\t<div class=\"elementor-element elementor-element-eb62590 elementor-widget elementor-widget-image\" data-id=\"eb62590\" data-element_type=\"widget\" data-e-type=\"widget\" data-widget_type=\"image.default\">\n\t\t\t\t<div class=\"elementor-widget-container\">\n\t\t\t\t\t\t\t\t\t\t\t\t<figure class=\"wp-caption\">\n\t\t\t\t\t\t\t\t\t\t<img loading=\"lazy\" decoding=\"async\" width=\"211\" height=\"300\" src=\"https:\/\/www.daras.eu\/wp-content\/uploads\/2025\/01\/asm140p_petit_bateau_XD-3-e1737662921395-211x300.jpg\" class=\"attachment-medium size-medium wp-image-4160\" alt=\"\" srcset=\"https:\/\/www.daras.eu\/wp-content\/uploads\/2025\/01\/asm140p_petit_bateau_XD-3-e1737662921395-211x300.jpg 211w, https:\/\/www.daras.eu\/wp-content\/uploads\/2025\/01\/asm140p_petit_bateau_XD-3-e1737662921395.jpg 549w\" sizes=\"(max-width: 211px) 100vw, 211px\" \/>\t\t\t\t\t\t\t\t\t\t\t<figcaption class=\"widget-image-caption wp-caption-text\">Petit Bateau \u00e0 l'entr\u00e9e de la baie, huile sur bois Cr\u00e9dit photo : D. Bettefort, mus\u00e9e Boucher de Perthes Coll. Part. R\u00e9f. Catalogue : ASM140<\/figcaption>\n\t\t\t\t\t\t\t\t\t\t<\/figure>\n\t\t\t\t\t\t\t\t\t<\/div>\n\t\t\t\t<\/div>\n\t\t\t\t<div class=\"elementor-element elementor-element-947478c elementor-widget elementor-widget-image\" data-id=\"947478c\" data-element_type=\"widget\" data-e-type=\"widget\" data-widget_type=\"image.default\">\n\t\t\t\t<div class=\"elementor-widget-container\">\n\t\t\t\t\t\t\t\t\t\t\t\t<figure class=\"wp-caption\">\n\t\t\t\t\t\t\t\t\t\t<img loading=\"lazy\" decoding=\"async\" width=\"450\" height=\"523\" src=\"https:\/\/www.daras.eu\/wp-content\/uploads\/2024\/11\/017-e1737561626814.jpg\" class=\"attachment-large size-large wp-image-2288\" alt=\"\" srcset=\"https:\/\/www.daras.eu\/wp-content\/uploads\/2024\/11\/017-e1737561626814.jpg 450w, https:\/\/www.daras.eu\/wp-content\/uploads\/2024\/11\/017-e1737561626814-258x300.jpg 258w\" sizes=\"(max-width: 450px) 100vw, 450px\" \/>\t\t\t\t\t\t\t\t\t\t\t<figcaption class=\"widget-image-caption wp-caption-text\">Baie de Somme (Le Crotoy) \u00e0 mar\u00e9e haute avec bateaux de p\u00eache \u00e0 voiles<\/figcaption>\n\t\t\t\t\t\t\t\t\t\t<\/figure>\n\t\t\t\t\t\t\t\t\t<\/div>\n\t\t\t\t<\/div>\n\t\t\t\t<div class=\"elementor-element elementor-element-03c34f0 elementor-widget elementor-widget-image\" data-id=\"03c34f0\" data-element_type=\"widget\" data-e-type=\"widget\" data-widget_type=\"image.default\">\n\t\t\t\t<div class=\"elementor-widget-container\">\n\t\t\t\t\t\t\t\t\t\t\t\t<figure class=\"wp-caption\">\n\t\t\t\t\t\t\t\t\t\t<img loading=\"lazy\" decoding=\"async\" width=\"528\" height=\"421\" src=\"https:\/\/www.daras.eu\/wp-content\/uploads\/2025\/01\/asm065_XD-14-e1737664774578.jpg\" class=\"attachment-large size-large wp-image-4165\" alt=\"\" srcset=\"https:\/\/www.daras.eu\/wp-content\/uploads\/2025\/01\/asm065_XD-14-e1737664774578.jpg 528w, https:\/\/www.daras.eu\/wp-content\/uploads\/2025\/01\/asm065_XD-14-e1737664774578-300x239.jpg 300w\" sizes=\"(max-width: 528px) 100vw, 528px\" \/>\t\t\t\t\t\t\t\t\t\t\t<figcaption class=\"widget-image-caption wp-caption-text\">Chemin vers les dunes du village de Saint-Quentin en Tourmont, huile sur toile , NB : entr\u00e9e du Parc du Marquenterre. Cr\u00e9dit photo : D. Bettefort Collection Particuli\u00e8re. R\u00e9f. catalogue : ASM065<\/figcaption>\n\t\t\t\t\t\t\t\t\t\t<\/figure>\n\t\t\t\t\t\t\t\t\t<\/div>\n\t\t\t\t<\/div>\n\t\t\t\t\t<\/div>\n\t\t\t\t<\/div>\n\t\t\t\t<\/div>\n\t\t<div class=\"elementor-element elementor-element-dc1079d e-con-full e-flex e-con e-parent\" data-id=\"dc1079d\" data-element_type=\"container\" data-e-type=\"container\">\n\t\t\t\t<div class=\"elementor-element elementor-element-6a2250f elementor-widget__width-initial elementor-widget elementor-widget-image\" data-id=\"6a2250f\" data-element_type=\"widget\" data-e-type=\"widget\" data-widget_type=\"image.default\">\n\t\t\t\t<div class=\"elementor-widget-container\">\n\t\t\t\t\t\t\t\t\t\t\t\t<figure class=\"wp-caption\">\n\t\t\t\t\t\t\t\t\t\t<img loading=\"lazy\" decoding=\"async\" width=\"591\" height=\"542\" src=\"https:\/\/www.daras.eu\/wp-content\/uploads\/2025\/03\/asm251p_depart_XD-7.jpg\" class=\"attachment-large size-large wp-image-7133\" alt=\"\" srcset=\"https:\/\/www.daras.eu\/wp-content\/uploads\/2025\/03\/asm251p_depart_XD-7.jpg 591w, https:\/\/www.daras.eu\/wp-content\/uploads\/2025\/03\/asm251p_depart_XD-7-300x275.jpg 300w\" sizes=\"(max-width: 591px) 100vw, 591px\" \/>\t\t\t\t\t\t\t\t\t\t\t<figcaption class=\"widget-image-caption wp-caption-text\">D\u00e9part pour la p\u00eache. Huile sur fibrociment, 30 x 30 R\u00e9f. cat. ASM251. Coll. Part.<\/figcaption>\n\t\t\t\t\t\t\t\t\t\t<\/figure>\n\t\t\t\t\t\t\t\t\t<\/div>\n\t\t\t\t<\/div>\n\t\t\t\t<\/div>\n\t\t<div class=\"elementor-element elementor-element-a3875c3 e-con-full e-flex e-con e-parent\" data-id=\"a3875c3\" data-element_type=\"container\" data-e-type=\"container\">\n\t\t<div class=\"elementor-element elementor-element-f9a13d0 e-con-full e-flex e-con e-child\" data-id=\"f9a13d0\" data-element_type=\"container\" data-e-type=\"container\">\n\t\t\t\t<div class=\"elementor-element elementor-element-c3f7b01 elementor-widget-mobile__width-initial elementor-widget__width-initial elementor-widget elementor-widget-image\" data-id=\"c3f7b01\" data-element_type=\"widget\" data-e-type=\"widget\" data-settings=\"{&quot;motion_fx_motion_fx_scrolling&quot;:&quot;yes&quot;,&quot;motion_fx_translateY_effect&quot;:&quot;yes&quot;,&quot;motion_fx_translateY_speed&quot;:{&quot;unit&quot;:&quot;px&quot;,&quot;size&quot;:1,&quot;sizes&quot;:[]},&quot;motion_fx_devices&quot;:[&quot;desktop&quot;,&quot;tablet&quot;],&quot;motion_fx_translateY_affectedRange&quot;:{&quot;unit&quot;:&quot;%&quot;,&quot;size&quot;:&quot;&quot;,&quot;sizes&quot;:{&quot;start&quot;:0,&quot;end&quot;:100}}}\" data-widget_type=\"image.default\">\n\t\t\t\t<div class=\"elementor-widget-container\">\n\t\t\t\t\t\t\t\t\t\t\t\t<figure class=\"wp-caption\">\n\t\t\t\t\t\t\t\t\t\t<img loading=\"lazy\" decoding=\"async\" width=\"367\" height=\"264\" src=\"https:\/\/www.daras.eu\/wp-content\/uploads\/2024\/10\/210.jpg\" class=\"attachment-full size-full wp-image-108\" alt=\"\" srcset=\"https:\/\/www.daras.eu\/wp-content\/uploads\/2024\/10\/210.jpg 367w, https:\/\/www.daras.eu\/wp-content\/uploads\/2024\/10\/210-300x216.jpg 300w\" sizes=\"(max-width: 367px) 100vw, 367px\" \/>\t\t\t\t\t\t\t\t\t\t\t<figcaption class=\"widget-image-caption wp-caption-text\">Port du Crotoy ASM210 (\u00e0 compl\u00e9ter)<\/figcaption>\n\t\t\t\t\t\t\t\t\t\t<\/figure>\n\t\t\t\t\t\t\t\t\t<\/div>\n\t\t\t\t<\/div>\n\t\t\t\t<\/div>\n\t\t\t\t<\/div>\n\t\t<div class=\"elementor-element elementor-element-99f7a2c e-con-full e-flex e-con e-parent\" data-id=\"99f7a2c\" data-element_type=\"container\" data-e-type=\"container\">\n\t\t\t\t<div class=\"elementor-element elementor-element-218ca41 elementor-widget elementor-widget-image\" data-id=\"218ca41\" data-element_type=\"widget\" data-e-type=\"widget\" data-widget_type=\"image.default\">\n\t\t\t\t<div class=\"elementor-widget-container\">\n\t\t\t\t\t\t\t\t\t\t\t\t<figure class=\"wp-caption\">\n\t\t\t\t\t\t\t\t\t\t<img loading=\"lazy\" decoding=\"async\" width=\"651\" height=\"80\" src=\"https:\/\/www.daras.eu\/wp-content\/uploads\/2025\/02\/asm000-baie-de-sommeDOMI.jpg\" class=\"attachment-large size-large wp-image-4672\" alt=\"\" srcset=\"https:\/\/www.daras.eu\/wp-content\/uploads\/2025\/02\/asm000-baie-de-sommeDOMI.jpg 651w, https:\/\/www.daras.eu\/wp-content\/uploads\/2025\/02\/asm000-baie-de-sommeDOMI-300x37.jpg 300w\" sizes=\"(max-width: 651px) 100vw, 651px\" \/>\t\t\t\t\t\t\t\t\t\t\t<figcaption class=\"widget-image-caption wp-caption-text\">Cr\u00e9puscule en baie de Somme, \u00e0 mar\u00e9e basse. Format : 0 x 0, huile sur bois, ASM464, coll. part.<\/figcaption>\n\t\t\t\t\t\t\t\t\t\t<\/figure>\n\t\t\t\t\t\t\t\t\t<\/div>\n\t\t\t\t<\/div>\n\t\t\t\t<\/div>\n\t\t<div class=\"elementor-element elementor-element-8e03e1b e-con-full e-flex e-con e-parent\" data-id=\"8e03e1b\" data-element_type=\"container\" data-e-type=\"container\">\n\t\t\t\t<div class=\"elementor-element elementor-element-6c89aa6 elementor-widget__width-initial elementor-widget elementor-widget-text-editor\" data-id=\"6c89aa6\" data-element_type=\"widget\" data-e-type=\"widget\" data-widget_type=\"text-editor.default\">\n\t\t\t\t<div class=\"elementor-widget-container\">\n\t\t\t\t\t\t\t\t\t<p><strong>Trumeau d\u00e9corant le mur d&rsquo;une pi\u00e8ce o\u00f9 habitait le peintre<\/strong>,<br \/>Plusieurs petits bateaux semblent\u00a0 attendre la mar\u00e9e montante pour pouvoir partir mer ou acc\u00e9der aux ports de p\u00eache. L&rsquo;horizon se partage entre la baie avec son activit\u00e9 de p\u00eache et le ciel charg\u00e9 de nuages anim\u00e9s par des reflets ros\u00e9s du soleil couchant.<\/p><p>Albert Siffait de Moncourt a r\u00e9ussi \u00e0 repr\u00e9senter une grande partie de la baie de Somme. Au premier plan, \u00e0 chaque extr\u00e9mit\u00e9, un \u00e9l\u00e9ment repr\u00e9sentatif des lieux est repr\u00e9sent\u00e9 : sur la droite, l&rsquo;estacade du Crotoy (cette jet\u00e9e \u00e0 claire-voie existe toujours) et sur la gauche, l&rsquo;\u00e9pave d&rsquo;une barque \u00e9chou\u00e9e sur un banc de sable (D. Daras).<\/p><hr \/>\t\t\t\t\t\t\t\t<\/div>\n\t\t\t\t<\/div>\n\t\t\t\t<\/div>\n\t\t<div class=\"elementor-element elementor-element-d166a0a e-con-full e-flex e-con e-parent\" data-id=\"d166a0a\" data-element_type=\"container\" data-e-type=\"container\">\n\t\t<div class=\"elementor-element elementor-element-89890cd e-grid e-con-boxed e-con e-child\" data-id=\"89890cd\" data-element_type=\"container\" data-e-type=\"container\">\n\t\t\t\t\t<div class=\"e-con-inner\">\n\t\t\t\t<div class=\"elementor-element elementor-element-599c175 elementor-position-top elementor-widget elementor-widget-image-box\" data-id=\"599c175\" data-element_type=\"widget\" data-e-type=\"widget\" data-widget_type=\"image-box.default\">\n\t\t\t\t<div class=\"elementor-widget-container\">\n\t\t\t\t\t<div class=\"elementor-image-box-wrapper\"><figure class=\"elementor-image-box-img\"><a href=\"https:\/\/www.daras.eu\/asm\/vie-peintre\/\" tabindex=\"-1\"><img loading=\"lazy\" decoding=\"async\" width=\"31\" height=\"27\" src=\"https:\/\/www.daras.eu\/wp-content\/uploads\/2025\/02\/Gauche.jpg\" class=\"attachment-thumbnail size-thumbnail wp-image-6125\" alt=\"\" \/><\/a><\/figure><div class=\"elementor-image-box-content\"><h3 class=\"elementor-image-box-title\"><a href=\"https:\/\/www.daras.eu\/asm\/vie-peintre\/\">PRECEDENT<\/a><\/h3><p class=\"elementor-image-box-description\">La vie du  peintre<\/p><\/div><\/div>\t\t\t\t<\/div>\n\t\t\t\t<\/div>\n\t\t\t\t<div class=\"elementor-element elementor-element-76bafb4 elementor-position-top elementor-widget elementor-widget-image-box\" data-id=\"76bafb4\" data-element_type=\"widget\" data-e-type=\"widget\" data-widget_type=\"image-box.default\">\n\t\t\t\t<div class=\"elementor-widget-container\">\n\t\t\t\t\t<div class=\"elementor-image-box-wrapper\"><figure class=\"elementor-image-box-img\"><a href=\"https:\/\/www.daras.eu\/asm\/2-oeuvres-monumentales-a-rue\/\" tabindex=\"-1\"><img loading=\"lazy\" decoding=\"async\" width=\"34\" height=\"25\" src=\"https:\/\/www.daras.eu\/wp-content\/uploads\/2025\/02\/droite.jpg\" class=\"attachment-thumbnail size-thumbnail wp-image-6124\" alt=\"\" \/><\/a><\/figure><div class=\"elementor-image-box-content\"><h3 class=\"elementor-image-box-title\"><a href=\"https:\/\/www.daras.eu\/asm\/2-oeuvres-monumentales-a-rue\/\">SUIVANT<\/a><\/h3><p class=\"elementor-image-box-description\">Rue, monuments et peintures<\/p><\/div><\/div>\t\t\t\t<\/div>\n\t\t\t\t<\/div>\n\t\t\t\t\t<\/div>\n\t\t\t\t<\/div>\n\t\t\t\t<\/div>\n\t\t\t\t<\/div>\n\t\t","protected":false},"excerpt":{"rendered":"<p>&#8211; &#8211; Peintures autour de la baie de Somme \u00a0 La baie de Somme est une source d&rsquo;inspiration infinie pour les artistes peintre ou photographe. Les mar\u00e9es alternent \u00e0 de amplitudes vari\u00e9es,\u00a0 la mer et les\u00a0 \u00e9tendues de sable, le ciel change r\u00e9guli\u00e8rement avec les nuages et leurs diversit\u00e9s de gris : toute cette diversit\u00e9 [&hellip;]<\/p>\n","protected":false},"author":1,"featured_media":0,"parent":0,"menu_order":0,"comment_status":"closed","ping_status":"closed","template":"","meta":{"site-sidebar-layout":"no-sidebar","site-content-layout":"page-builder","ast-site-content-layout":"full-width-container","site-content-style":"default","site-sidebar-style":"default","ast-global-header-display":"","ast-banner-title-visibility":"","ast-main-header-display":"","ast-hfb-above-header-display":"","ast-hfb-below-header-display":"","ast-hfb-mobile-header-display":"","site-post-title":"disabled","ast-breadcrumbs-content":"","ast-featured-img":"disabled","footer-sml-layout":"","ast-disable-related-posts":"","theme-transparent-header-meta":"","adv-header-id-meta":"","stick-header-meta":"","header-above-stick-meta":"","header-main-stick-meta":"","header-below-stick-meta":"","astra-migrate-meta-layouts":"set","ast-page-background-enabled":"default","ast-page-background-meta":{"desktop":{"background-color":"var(--ast-global-color-4)","background-image":"","background-repeat":"repeat","background-position":"center center","background-size":"auto","background-attachment":"scroll","background-type":"","background-media":"","overlay-type":"","overlay-color":"","overlay-opacity":"","overlay-gradient":""},"tablet":{"background-color":"","background-image":"","background-repeat":"repeat","background-position":"center center","background-size":"auto","background-attachment":"scroll","background-type":"","background-media":"","overlay-type":"","overlay-color":"","overlay-opacity":"","overlay-gradient":""},"mobile":{"background-color":"","background-image":"","background-repeat":"repeat","background-position":"center center","background-size":"auto","background-attachment":"scroll","background-type":"","background-media":"","overlay-type":"","overlay-color":"","overlay-opacity":"","overlay-gradient":""}},"ast-content-background-meta":{"desktop":{"background-color":"var(--ast-global-color-5)","background-image":"","background-repeat":"repeat","background-position":"center center","background-size":"auto","background-attachment":"scroll","background-type":"","background-media":"","overlay-type":"","overlay-color":"","overlay-opacity":"","overlay-gradient":""},"tablet":{"background-color":"var(--ast-global-color-5)","background-image":"","background-repeat":"repeat","background-position":"center center","background-size":"auto","background-attachment":"scroll","background-type":"","background-media":"","overlay-type":"","overlay-color":"","overlay-opacity":"","overlay-gradient":""},"mobile":{"background-color":"var(--ast-global-color-5)","background-image":"","background-repeat":"repeat","background-position":"center center","background-size":"auto","background-attachment":"scroll","background-type":"","background-media":"","overlay-type":"","overlay-color":"","overlay-opacity":"","overlay-gradient":""}},"footnotes":""},"class_list":["post-3320","page","type-page","status-publish","hentry"],"rttpg_featured_image_url":null,"rttpg_author":{"display_name":"xdaras","author_link":"https:\/\/www.daras.eu\/asm\/author\/xdaras\/"},"rttpg_comment":0,"rttpg_category":null,"rttpg_excerpt":"&#8211; &#8211; Peintures autour de la baie de Somme \u00a0 La baie de Somme est une source d&rsquo;inspiration infinie pour les artistes peintre ou photographe. Les mar\u00e9es alternent \u00e0 de amplitudes vari\u00e9es,\u00a0 la mer et les\u00a0 \u00e9tendues de sable, le ciel change r\u00e9guli\u00e8rement avec les nuages et leurs diversit\u00e9s de gris : toute cette diversit\u00e9\u2026","_links":{"self":[{"href":"https:\/\/www.daras.eu\/asm\/wp-json\/wp\/v2\/pages\/3320","targetHints":{"allow":["GET"]}}],"collection":[{"href":"https:\/\/www.daras.eu\/asm\/wp-json\/wp\/v2\/pages"}],"about":[{"href":"https:\/\/www.daras.eu\/asm\/wp-json\/wp\/v2\/types\/page"}],"author":[{"embeddable":true,"href":"https:\/\/www.daras.eu\/asm\/wp-json\/wp\/v2\/users\/1"}],"replies":[{"embeddable":true,"href":"https:\/\/www.daras.eu\/asm\/wp-json\/wp\/v2\/comments?post=3320"}],"version-history":[{"count":419,"href":"https:\/\/www.daras.eu\/asm\/wp-json\/wp\/v2\/pages\/3320\/revisions"}],"predecessor-version":[{"id":8466,"href":"https:\/\/www.daras.eu\/asm\/wp-json\/wp\/v2\/pages\/3320\/revisions\/8466"}],"wp:attachment":[{"href":"https:\/\/www.daras.eu\/asm\/wp-json\/wp\/v2\/media?parent=3320"}],"curies":[{"name":"wp","href":"https:\/\/api.w.org\/{rel}","templated":true}]}}