{"id":3328,"date":"2024-12-24T21:46:37","date_gmt":"2024-12-24T20:46:37","guid":{"rendered":"https:\/\/www.daras.eu\/asm\/?page_id=3328"},"modified":"2025-03-26T18:02:06","modified_gmt":"2025-03-26T17:02:06","slug":"4-peintures-des-villes-et-villages","status":"publish","type":"page","link":"https:\/\/www.daras.eu\/asm\/4-peintures-des-villes-et-villages\/","title":{"rendered":"4 &#8211; Peintures des villes"},"content":{"rendered":"\t\t<div data-elementor-type=\"wp-page\" data-elementor-id=\"3328\" class=\"elementor elementor-3328\" data-elementor-post-type=\"page\">\n\t\t\t\t<div class=\"elementor-element elementor-element-55750de e-con-full e-flex e-con e-parent\" data-id=\"55750de\" data-element_type=\"container\" data-e-type=\"container\">\n\t\t\t\t<div class=\"elementor-element elementor-element-8737045 elementor-widget elementor-widget-text-editor\" data-id=\"8737045\" data-element_type=\"widget\" data-e-type=\"widget\" data-widget_type=\"text-editor.default\">\n\t\t\t\t<div class=\"elementor-widget-container\">\n\t\t\t\t\t\t\t\t\t<p><span style=\"color: #ffffff;\">&#8211;<\/span><\/p>\t\t\t\t\t\t\t\t<\/div>\n\t\t\t\t<\/div>\n\t\t\t\t<\/div>\n\t\t<div class=\"elementor-element elementor-element-dc745a3 e-con-full e-flex e-con e-parent\" data-id=\"dc745a3\" data-element_type=\"container\" data-e-type=\"container\">\n\t\t\t\t<div class=\"elementor-element elementor-element-df01994 elementor-widget elementor-widget-text-editor\" data-id=\"df01994\" data-element_type=\"widget\" data-e-type=\"widget\" data-widget_type=\"text-editor.default\">\n\t\t\t\t<div class=\"elementor-widget-container\">\n\t\t\t\t\t\t\t\t\t<p><span style=\"color: #ffffff;\">&#8211;<\/span><\/p>\t\t\t\t\t\t\t\t<\/div>\n\t\t\t\t<\/div>\n\t\t\t\t<\/div>\n\t\t<div class=\"elementor-element elementor-element-acb4b22 e-con-full e-flex e-con e-parent\" data-id=\"acb4b22\" data-element_type=\"container\" data-e-type=\"container\">\n\t\t\t\t<div class=\"elementor-element elementor-element-d386b71 elementor-widget__width-initial elementor-widget elementor-widget-heading\" data-id=\"d386b71\" data-element_type=\"widget\" data-e-type=\"widget\" data-widget_type=\"heading.default\">\n\t\t\t\t<div class=\"elementor-widget-container\">\n\t\t\t\t\t<h5 class=\"elementor-heading-title elementor-size-default\">Peintures des villes<\/h5>\t\t\t\t<\/div>\n\t\t\t\t<\/div>\n\t\t\t\t<div class=\"elementor-element elementor-element-e6c91aa elementor-widget elementor-widget-text-editor\" data-id=\"e6c91aa\" data-element_type=\"widget\" data-e-type=\"widget\" data-widget_type=\"text-editor.default\">\n\t\t\t\t<div class=\"elementor-widget-container\">\n\t\t\t\t\t\t\t\t\t<p>\u00a0<\/p><p><span style=\"color: #ffffff;\">&#8211;<\/span><\/p>\t\t\t\t\t\t\t\t<\/div>\n\t\t\t\t<\/div>\n\t\t\t\t<\/div>\n\t\t<div class=\"elementor-element elementor-element-cada8c6 e-con-full e-flex e-con e-parent\" data-id=\"cada8c6\" data-element_type=\"container\" data-e-type=\"container\">\n\t\t\t\t<div class=\"elementor-element elementor-element-feecb9f elementor-widget elementor-widget-text-editor\" data-id=\"feecb9f\" data-element_type=\"widget\" data-e-type=\"widget\" data-widget_type=\"text-editor.default\">\n\t\t\t\t<div class=\"elementor-widget-container\">\n\t\t\t\t\t\t\t\t\t<p><span style=\"color: #ffffff;\">&#8211;<\/span><\/p>\t\t\t\t\t\t\t\t<\/div>\n\t\t\t\t<\/div>\n\t\t\t\t<\/div>\n\t\t<div class=\"elementor-element elementor-element-82fd1aa e-con-full e-flex e-con e-parent\" data-id=\"82fd1aa\" data-element_type=\"container\" data-e-type=\"container\">\n\t\t\t\t<div class=\"elementor-element elementor-element-23fe2e1 elementor-widget__width-initial elementor-widget elementor-widget-text-editor\" data-id=\"23fe2e1\" data-element_type=\"widget\" data-e-type=\"widget\" data-widget_type=\"text-editor.default\">\n\t\t\t\t<div class=\"elementor-widget-container\">\n\t\t\t\t\t\t\t\t\t<p><span style=\"color: #008000;\">Albert Siffait de Moncourt a \u00e9t\u00e9 qualifi\u00e9 de \u00ab\u00a0peintre-agriculteur\u00a0\u00bb par Henry Daras, le gendre de sa fille, pour son attachement \u00e0 la campagne qui forme une de ses sources d&rsquo;inspiration.<\/span><br \/><span style=\"color: #008000;\">Il a cependant beaucoup voyag\u00e9 et a repr\u00e9sent\u00e9 de nombreuses villes comme celles du nord de la France, bien s\u00fbr Paris \u00e0 l&rsquo;occasion de nombreuses expositions o\u00f9 ses toiles sont pr\u00e9sent\u00e9es,\u00a0 Angoul\u00eame, Londres, Bruxelles&#8230; Avec toujours un centre d&rsquo;int\u00e9r\u00eat vers le b\u00e2ti ancien.<\/span><\/p>\t\t\t\t\t\t\t\t<\/div>\n\t\t\t\t<\/div>\n\t\t\t\t<\/div>\n\t\t<div class=\"elementor-element elementor-element-8ada9f0 e-con-full e-flex e-con e-parent\" data-id=\"8ada9f0\" data-element_type=\"container\" data-e-type=\"container\">\n\t\t\t\t<div class=\"elementor-element elementor-element-e1f02bd elementor-widget elementor-widget-text-editor\" data-id=\"e1f02bd\" data-element_type=\"widget\" data-e-type=\"widget\" data-widget_type=\"text-editor.default\">\n\t\t\t\t<div class=\"elementor-widget-container\">\n\t\t\t\t\t\t\t\t\t<p><span style=\"color: #ffffff;\">&#8211;<\/span><\/p>\t\t\t\t\t\t\t\t<\/div>\n\t\t\t\t<\/div>\n\t\t\t\t<\/div>\n\t\t<div class=\"elementor-element elementor-element-f4f32d5 e-con-full e-flex e-con e-parent\" data-id=\"f4f32d5\" data-element_type=\"container\" data-e-type=\"container\">\n\t\t\t\t<div class=\"elementor-element elementor-element-5887c3f elementor-widget__width-initial elementor-widget elementor-widget-image\" data-id=\"5887c3f\" data-element_type=\"widget\" data-e-type=\"widget\" data-widget_type=\"image.default\">\n\t\t\t\t<div class=\"elementor-widget-container\">\n\t\t\t\t\t\t\t\t\t\t\t\t<figure class=\"wp-caption\">\n\t\t\t\t\t\t\t\t\t\t<img fetchpriority=\"high\" decoding=\"async\" width=\"258\" height=\"332\" src=\"https:\/\/www.daras.eu\/wp-content\/uploads\/2024\/12\/asm030w1_pont_sur_canal_IMG_0490.jpg\" class=\"attachment-large size-large wp-image-3072\" alt=\"\" srcset=\"https:\/\/www.daras.eu\/wp-content\/uploads\/2024\/12\/asm030w1_pont_sur_canal_IMG_0490.jpg 258w, https:\/\/www.daras.eu\/wp-content\/uploads\/2024\/12\/asm030w1_pont_sur_canal_IMG_0490-233x300.jpg 233w\" sizes=\"(max-width: 258px) 100vw, 258px\" \/>\t\t\t\t\t\t\t\t\t\t\t<figcaption class=\"widget-image-caption wp-caption-text\">Pont sur canal \u00e0 Bergues. \r\nConnu aujourd'hui comme le pont Saint-Jean avec la m\u00eame balustrade du pont et cette maison typiquement flamande. Notons la pr\u00e9sence de nombreux \u00e9l\u00e9ments caract\u00e9ristiques de l'artiste : le cadrage typique (le pan de maison au premier plan \u00e0 droite permet de donner de la profondeur), les pav\u00e9s avec de l'herbe, un personnage... Peinture tr\u00e8s \u00e9labor\u00e9e. Belle restauration. Ce tableau a illustr\u00e9 la couverture du bulletin du Comit\u00e9 Flamand de France en f\u00e9vrier 2014. Dimension : 90 x 71,5. Sign\u00e9 en B \u00e0 D. R\u00e9f. Cat. : ASM030. Coll. Part.<\/figcaption>\n\t\t\t\t\t\t\t\t\t\t<\/figure>\n\t\t\t\t\t\t\t\t\t<\/div>\n\t\t\t\t<\/div>\n\t\t\t\t<\/div>\n\t\t<div class=\"elementor-element elementor-element-b2dfe3d e-con-full e-flex e-con e-parent\" data-id=\"b2dfe3d\" data-element_type=\"container\" data-e-type=\"container\">\n\t\t\t\t<div class=\"elementor-element elementor-element-b00936e elementor-widget elementor-widget-image\" data-id=\"b00936e\" data-element_type=\"widget\" data-e-type=\"widget\" data-widget_type=\"image.default\">\n\t\t\t\t<div class=\"elementor-widget-container\">\n\t\t\t\t\t\t\t\t\t\t\t\t<figure class=\"wp-caption\">\n\t\t\t\t\t\t\t\t\t\t<img decoding=\"async\" width=\"489\" height=\"617\" src=\"https:\/\/www.daras.eu\/wp-content\/uploads\/2025\/03\/asm013w_bagatelle.jpg\" class=\"attachment-large size-large wp-image-6880\" alt=\"\" srcset=\"https:\/\/www.daras.eu\/wp-content\/uploads\/2025\/03\/asm013w_bagatelle.jpg 489w, https:\/\/www.daras.eu\/wp-content\/uploads\/2025\/03\/asm013w_bagatelle-238x300.jpg 238w\" sizes=\"(max-width: 489px) 100vw, 489px\" \/>\t\t\t\t\t\t\t\t\t\t\t<figcaption class=\"widget-image-caption wp-caption-text\">Ch\u00e2teau de Bagatelle, XVIII\u00e8me (Abbevillle), huile sur toile, 61,4 x 50, sign\u00e9 en B \u00e0 D, R\u00e9f. Cat. ASM013, Coll. part. https:\/\/chateaudebagatelle.com\/<\/figcaption>\n\t\t\t\t\t\t\t\t\t\t<\/figure>\n\t\t\t\t\t\t\t\t\t<\/div>\n\t\t\t\t<\/div>\n\t\t\t\t<\/div>\n\t\t<div class=\"elementor-element elementor-element-f49f7ca e-con-full e-flex e-con e-parent\" data-id=\"f49f7ca\" data-element_type=\"container\" data-e-type=\"container\">\n\t\t\t\t<div class=\"elementor-element elementor-element-bab662c elementor-widget elementor-widget-text-editor\" data-id=\"bab662c\" data-element_type=\"widget\" data-e-type=\"widget\" data-widget_type=\"text-editor.default\">\n\t\t\t\t<div class=\"elementor-widget-container\">\n\t\t\t\t\t\t\t\t\t<p><span style=\"color: #ffffff;\">&#8211;<\/span><\/p>\t\t\t\t\t\t\t\t<\/div>\n\t\t\t\t<\/div>\n\t\t\t\t<\/div>\n\t\t<div class=\"elementor-element elementor-element-e8b573d e-con-full e-flex e-con e-parent\" data-id=\"e8b573d\" data-element_type=\"container\" data-e-type=\"container\">\n\t\t<div class=\"elementor-element elementor-element-7df0ced e-con-full e-flex e-con e-child\" data-id=\"7df0ced\" data-element_type=\"container\" data-e-type=\"container\">\n\t\t\t\t<div class=\"elementor-element elementor-element-75bdefa elementor-widget elementor-widget-image\" data-id=\"75bdefa\" data-element_type=\"widget\" data-e-type=\"widget\" data-widget_type=\"image.default\">\n\t\t\t\t<div class=\"elementor-widget-container\">\n\t\t\t\t\t\t\t\t\t\t\t\t<figure class=\"wp-caption\">\n\t\t\t\t\t\t\t\t\t\t<img decoding=\"async\" width=\"435\" height=\"739\" src=\"https:\/\/www.daras.eu\/wp-content\/uploads\/2025\/03\/asm011w_abbeville.jpg\" class=\"attachment-large size-large wp-image-7132\" alt=\"\" srcset=\"https:\/\/www.daras.eu\/wp-content\/uploads\/2025\/03\/asm011w_abbeville.jpg 435w, https:\/\/www.daras.eu\/wp-content\/uploads\/2025\/03\/asm011w_abbeville-177x300.jpg 177w\" sizes=\"(max-width: 435px) 100vw, 435px\" \/>\t\t\t\t\t\t\t\t\t\t\t<figcaption class=\"widget-image-caption wp-caption-text\">Coin de rue (Abbeville). Huile sur toile, vers 1927. 92 x 54, sign\u00e9 A. de Moncourt en B \u00e0 D. R\u00e9f. cat. ASM011, Coll. Part. Voir la notice r\u00e9dig\u00e9e par Mme Pantxipa De Paepe.<\/figcaption>\n\t\t\t\t\t\t\t\t\t\t<\/figure>\n\t\t\t\t\t\t\t\t\t<\/div>\n\t\t\t\t<\/div>\n\t\t\t\t<\/div>\n\t\t<div class=\"elementor-element elementor-element-a430bc6 e-con-full e-flex e-con e-child\" data-id=\"a430bc6\" data-element_type=\"container\" data-e-type=\"container\">\n\t\t\t\t<div class=\"elementor-element elementor-element-8eb38da elementor-widget elementor-widget-text-editor\" data-id=\"8eb38da\" data-element_type=\"widget\" data-e-type=\"widget\" data-widget_type=\"text-editor.default\">\n\t\t\t\t<div class=\"elementor-widget-container\">\n\t\t\t\t\t\t\t\t\t<p><strong>Coin de rue (Abbeville).<\/strong> R\u00e9f\u00e9rence ASM011<br \/>Ce tableau a \u00e9t\u00e9 choisi pour la couverture du catalogue de l&rsquo;exposition au mus\u00e9e Boucher de Perthes \u00e0 Abbeville en 2003. Notice r\u00e9dig\u00e9e par Mme Pantxipa De Paepe.<br \/>1927, Paris, Grand Palais, page 113, n\u00b0 835 ; 1930 Paris, Grand Palais, page 149, n\u00b0 1367<br \/>1960, Rue, n\u00b0 7 ; 1978, Rue, n\u00b07 ; 2003, Abbeville, Mus\u00e9e Boucher de Perthes, n\u00b0 14<\/p><p>Le motif principal de cette \u0153uvre tardive pr\u00e9sent\u00e9e au salon de 1927 et 1930 est encore visible aujourd\u2019hui puisqu\u2019il s\u2019agit de l\u2019\u00e9l\u00e9gante demeure du XVIII<sup>e<\/sup> si\u00e8cle situ\u00e9e \u00e0 l\u2019angle de la rue des Rapporteurs et des Poulies (actuel N\u00b01)\u00a0: la masse de pierre situ\u00e9e ici \u00e0 contre-jour se d\u00e9coupe sur plus de la moiti\u00e9 de l\u2019espace de la toile, la fen\u00eatre inscrite dans le pan coup\u00e9, aujourd\u2019hui disparu, marquant le centre de la composition. L\u2019ensemble est admirablement port\u00e9 par l\u2019art d\u2019Albert Siffait de Moncourt, dessinant l\u00e0 dans une flaque un paysage invers\u00e9, dorant d\u2019ailleurs le pav\u00e9, c\u00e9l\u00e9brant ici le mat\u00e9riau par un travail fouill\u00e9 du mur solidement parement\u00e9, dont il souligne de rehauts lumineux les ar\u00eates.<\/p><p>Le coin de rue choisi par de Moncourt parle de lui-m\u00eame\u00a0: on retrouve l\u00e0 un dispositif dont la fr\u00e9quence dans l\u2019Abbeville d\u2019avant-guerre est bien connue, le pan coup\u00e9, surplomb\u00e9 ici d\u2019une trompe sous-le-coin dont l\u2019intrados est orn\u00e9 d\u2019une coquille finement sculpt\u00e9e. Si l\u2019\u0153uvre est naturellement \u00e0 consid\u00e9rer de fa\u00e7on globale, il faut peut-\u00eatre \u00e9voquer une nouvelle fois une attention particuli\u00e8re de l\u2019artiste \u00e0 la singularit\u00e9 de la structure architecturale, mani\u00e8re qui fait de lui tout autant le cr\u00e9ateur d\u2019atmosph\u00e8re que le promoteur en bon \u00e9rudit local, d\u2019une arch\u00e9ologie du b\u00e2ti.<\/p>\t\t\t\t\t\t\t\t<\/div>\n\t\t\t\t<\/div>\n\t\t\t\t<\/div>\n\t\t\t\t<\/div>\n\t\t<div class=\"elementor-element elementor-element-f50a36b e-con-full e-flex e-con e-parent\" data-id=\"f50a36b\" data-element_type=\"container\" data-e-type=\"container\">\n\t\t\t\t<div class=\"elementor-element elementor-element-fe01214 elementor-widget elementor-widget-image\" data-id=\"fe01214\" data-element_type=\"widget\" data-e-type=\"widget\" data-widget_type=\"image.default\">\n\t\t\t\t<div class=\"elementor-widget-container\">\n\t\t\t\t\t\t\t\t\t\t\t\t<figure class=\"wp-caption\">\n\t\t\t\t\t\t\t\t\t\t<img loading=\"lazy\" decoding=\"async\" width=\"438\" height=\"546\" src=\"https:\/\/www.daras.eu\/wp-content\/uploads\/2025\/03\/asm019p_couvent.jpg\" class=\"attachment-large size-large wp-image-6884\" alt=\"\" srcset=\"https:\/\/www.daras.eu\/wp-content\/uploads\/2025\/03\/asm019p_couvent.jpg 438w, https:\/\/www.daras.eu\/wp-content\/uploads\/2025\/03\/asm019p_couvent-241x300.jpg 241w\" sizes=\"(max-width: 438px) 100vw, 438px\" \/>\t\t\t\t\t\t\t\t\t\t\t<figcaption class=\"widget-image-caption wp-caption-text\">Ancien couvent des Ursulines. Situ\u00e9 \u00e0 Abbeville, il date du XVII\u00e9me et a subit les bombardements de mai 1940. Il ne reste aujourd'hui que des pans de mur. Avec cette toile, l'artiste contribue \u00e0 la m\u00e9moire d'un monument de l'histoire d'Abbeville. Dimension 92 x 73. Sign\u00e9 en B \u00e0 G. Coll. Part. R\u00e9f. Cat. : ASM019 <\/figcaption>\n\t\t\t\t\t\t\t\t\t\t<\/figure>\n\t\t\t\t\t\t\t\t\t<\/div>\n\t\t\t\t<\/div>\n\t\t\t\t<\/div>\n\t\t<div class=\"elementor-element elementor-element-f1b0571 e-con-full e-flex e-con e-parent\" data-id=\"f1b0571\" data-element_type=\"container\" data-e-type=\"container\">\n\t\t\t\t<div class=\"elementor-element elementor-element-39ad10e elementor-widget__width-initial elementor-widget elementor-widget-image\" data-id=\"39ad10e\" data-element_type=\"widget\" data-e-type=\"widget\" data-widget_type=\"image.default\">\n\t\t\t\t<div class=\"elementor-widget-container\">\n\t\t\t\t\t\t\t\t\t\t\t\t<figure class=\"wp-caption\">\n\t\t\t\t\t\t\t\t\t\t<img loading=\"lazy\" decoding=\"async\" width=\"682\" height=\"547\" src=\"https:\/\/www.daras.eu\/wp-content\/uploads\/2025\/03\/asm020w_montreuil.jpg\" class=\"attachment-large size-large wp-image-6882\" alt=\"\" srcset=\"https:\/\/www.daras.eu\/wp-content\/uploads\/2025\/03\/asm020w_montreuil.jpg 682w, https:\/\/www.daras.eu\/wp-content\/uploads\/2025\/03\/asm020w_montreuil-300x241.jpg 300w\" sizes=\"(max-width: 682px) 100vw, 682px\" \/>\t\t\t\t\t\t\t\t\t\t\t<figcaption class=\"widget-image-caption wp-caption-text\">Place Saint-Jacques \u00e0 Montreuil sur mer. Huile sur toile, Dimension  : 72x90 cm,  R\u00e9f Cat. : ASM020, Coll. Part.<\/figcaption>\n\t\t\t\t\t\t\t\t\t\t<\/figure>\n\t\t\t\t\t\t\t\t\t<\/div>\n\t\t\t\t<\/div>\n\t\t\t\t<\/div>\n\t\t<div class=\"elementor-element elementor-element-cce502a e-con-full e-flex e-con e-parent\" data-id=\"cce502a\" data-element_type=\"container\" data-e-type=\"container\">\n\t\t\t\t<div class=\"elementor-element elementor-element-0714ec2 elementor-widget elementor-widget-image\" data-id=\"0714ec2\" data-element_type=\"widget\" data-e-type=\"widget\" data-widget_type=\"image.default\">\n\t\t\t\t<div class=\"elementor-widget-container\">\n\t\t\t\t\t\t\t\t\t\t\t\t<figure class=\"wp-caption\">\n\t\t\t\t\t\t\t\t\t\t<img loading=\"lazy\" decoding=\"async\" width=\"222\" height=\"300\" src=\"https:\/\/www.daras.eu\/wp-content\/uploads\/2025\/03\/asm014w_taverne.jpg\" class=\"attachment-large size-large wp-image-6881\" alt=\"le but de l&#039;image\" \/>\t\t\t\t\t\t\t\t\t\t\t<figcaption class=\"widget-image-caption wp-caption-text\">Taverne \u00e0 Abbeville. Huile sur bois, sign\u00e9 A. de Moncourt en B \u00e0 D. Dimension  : 92x73,2cm,  R\u00e9f Cat. : ASM014, Coll. Part.<\/figcaption>\n\t\t\t\t\t\t\t\t\t\t<\/figure>\n\t\t\t\t\t\t\t\t\t<\/div>\n\t\t\t\t<\/div>\n\t\t\t\t<\/div>\n\t\t<div class=\"elementor-element elementor-element-3a84706 e-grid e-con-full e-con e-child\" data-id=\"3a84706\" data-element_type=\"container\" data-e-type=\"container\">\n\t\t\t\t<div class=\"elementor-element elementor-element-507ff59 elementor-position-top elementor-widget elementor-widget-image-box\" data-id=\"507ff59\" data-element_type=\"widget\" data-e-type=\"widget\" data-widget_type=\"image-box.default\">\n\t\t\t\t<div class=\"elementor-widget-container\">\n\t\t\t\t\t<div class=\"elementor-image-box-wrapper\"><figure class=\"elementor-image-box-img\"><a href=\"https:\/\/www.daras.eu\/asm\/2-oeuvres-monumentales-a-rue\/\" tabindex=\"-1\"><img loading=\"lazy\" decoding=\"async\" width=\"31\" height=\"27\" src=\"https:\/\/www.daras.eu\/wp-content\/uploads\/2025\/02\/Gauche.jpg\" class=\"attachment-thumbnail size-thumbnail wp-image-6125\" alt=\"\" \/><\/a><\/figure><div class=\"elementor-image-box-content\"><h3 class=\"elementor-image-box-title\"><a href=\"https:\/\/www.daras.eu\/asm\/2-oeuvres-monumentales-a-rue\/\">PRECEDENT<\/a><\/h3><p class=\"elementor-image-box-description\">Rue, monuments et peintures<\/p><\/div><\/div>\t\t\t\t<\/div>\n\t\t\t\t<\/div>\n\t\t\t\t<div class=\"elementor-element elementor-element-0d05ccc elementor-position-top elementor-widget elementor-widget-image-box\" data-id=\"0d05ccc\" data-element_type=\"widget\" data-e-type=\"widget\" data-widget_type=\"image-box.default\">\n\t\t\t\t<div class=\"elementor-widget-container\">\n\t\t\t\t\t<div class=\"elementor-image-box-wrapper\"><figure class=\"elementor-image-box-img\"><a href=\"https:\/\/www.daras.eu\/asm\/6-les-expositions\/\" tabindex=\"-1\"><img loading=\"lazy\" decoding=\"async\" width=\"34\" height=\"25\" src=\"https:\/\/www.daras.eu\/wp-content\/uploads\/2025\/02\/droite.jpg\" class=\"attachment-thumbnail size-thumbnail wp-image-6124\" alt=\"\" \/><\/a><\/figure><div class=\"elementor-image-box-content\"><h3 class=\"elementor-image-box-title\"><a href=\"https:\/\/www.daras.eu\/asm\/6-les-expositions\/\">SUIVANT<\/a><\/h3><p class=\"elementor-image-box-description\">Peintures de la campagne et des villages<\/p><\/div><\/div>\t\t\t\t<\/div>\n\t\t\t\t<\/div>\n\t\t\t\t<\/div>\n\t\t\t\t<\/div>\n\t\t","protected":false},"excerpt":{"rendered":"<p>&#8211; &#8211; Peintures des villes \u00a0 &#8211; &#8211; Albert Siffait de Moncourt a \u00e9t\u00e9 qualifi\u00e9 de \u00ab\u00a0peintre-agriculteur\u00a0\u00bb par Henry Daras, le gendre de sa fille, pour son attachement \u00e0 la campagne qui forme une de ses sources d&rsquo;inspiration.Il a cependant beaucoup voyag\u00e9 et a repr\u00e9sent\u00e9 de nombreuses villes comme celles du nord de la France, [&hellip;]<\/p>\n","protected":false},"author":1,"featured_media":0,"parent":0,"menu_order":0,"comment_status":"closed","ping_status":"closed","template":"","meta":{"site-sidebar-layout":"no-sidebar","site-content-layout":"page-builder","ast-site-content-layout":"full-width-container","site-content-style":"default","site-sidebar-style":"default","ast-global-header-display":"","ast-banner-title-visibility":"","ast-main-header-display":"","ast-hfb-above-header-display":"","ast-hfb-below-header-display":"","ast-hfb-mobile-header-display":"","site-post-title":"disabled","ast-breadcrumbs-content":"","ast-featured-img":"disabled","footer-sml-layout":"","ast-disable-related-posts":"","theme-transparent-header-meta":"","adv-header-id-meta":"","stick-header-meta":"","header-above-stick-meta":"","header-main-stick-meta":"","header-below-stick-meta":"","astra-migrate-meta-layouts":"set","ast-page-background-enabled":"default","ast-page-background-meta":{"desktop":{"background-color":"var(--ast-global-color-4)","background-image":"","background-repeat":"repeat","background-position":"center center","background-size":"auto","background-attachment":"scroll","background-type":"","background-media":"","overlay-type":"","overlay-color":"","overlay-opacity":"","overlay-gradient":""},"tablet":{"background-color":"","background-image":"","background-repeat":"repeat","background-position":"center center","background-size":"auto","background-attachment":"scroll","background-type":"","background-media":"","overlay-type":"","overlay-color":"","overlay-opacity":"","overlay-gradient":""},"mobile":{"background-color":"","background-image":"","background-repeat":"repeat","background-position":"center center","background-size":"auto","background-attachment":"scroll","background-type":"","background-media":"","overlay-type":"","overlay-color":"","overlay-opacity":"","overlay-gradient":""}},"ast-content-background-meta":{"desktop":{"background-color":"var(--ast-global-color-5)","background-image":"","background-repeat":"repeat","background-position":"center center","background-size":"auto","background-attachment":"scroll","background-type":"","background-media":"","overlay-type":"","overlay-color":"","overlay-opacity":"","overlay-gradient":""},"tablet":{"background-color":"var(--ast-global-color-5)","background-image":"","background-repeat":"repeat","background-position":"center center","background-size":"auto","background-attachment":"scroll","background-type":"","background-media":"","overlay-type":"","overlay-color":"","overlay-opacity":"","overlay-gradient":""},"mobile":{"background-color":"var(--ast-global-color-5)","background-image":"","background-repeat":"repeat","background-position":"center center","background-size":"auto","background-attachment":"scroll","background-type":"","background-media":"","overlay-type":"","overlay-color":"","overlay-opacity":"","overlay-gradient":""}},"footnotes":""},"class_list":["post-3328","page","type-page","status-publish","hentry"],"rttpg_featured_image_url":null,"rttpg_author":{"display_name":"xdaras","author_link":"https:\/\/www.daras.eu\/asm\/author\/xdaras\/"},"rttpg_comment":0,"rttpg_category":null,"rttpg_excerpt":"&#8211; &#8211; Peintures des villes \u00a0 &#8211; &#8211; Albert Siffait de Moncourt a \u00e9t\u00e9 qualifi\u00e9 de \u00ab\u00a0peintre-agriculteur\u00a0\u00bb par Henry Daras, le gendre de sa fille, pour son attachement \u00e0 la campagne qui forme une de ses sources d&rsquo;inspiration.Il a cependant beaucoup voyag\u00e9 et a repr\u00e9sent\u00e9 de nombreuses villes comme celles du nord de la France,\u2026","_links":{"self":[{"href":"https:\/\/www.daras.eu\/asm\/wp-json\/wp\/v2\/pages\/3328","targetHints":{"allow":["GET"]}}],"collection":[{"href":"https:\/\/www.daras.eu\/asm\/wp-json\/wp\/v2\/pages"}],"about":[{"href":"https:\/\/www.daras.eu\/asm\/wp-json\/wp\/v2\/types\/page"}],"author":[{"embeddable":true,"href":"https:\/\/www.daras.eu\/asm\/wp-json\/wp\/v2\/users\/1"}],"replies":[{"embeddable":true,"href":"https:\/\/www.daras.eu\/asm\/wp-json\/wp\/v2\/comments?post=3328"}],"version-history":[{"count":252,"href":"https:\/\/www.daras.eu\/asm\/wp-json\/wp\/v2\/pages\/3328\/revisions"}],"predecessor-version":[{"id":8180,"href":"https:\/\/www.daras.eu\/asm\/wp-json\/wp\/v2\/pages\/3328\/revisions\/8180"}],"wp:attachment":[{"href":"https:\/\/www.daras.eu\/asm\/wp-json\/wp\/v2\/media?parent=3328"}],"curies":[{"name":"wp","href":"https:\/\/api.w.org\/{rel}","templated":true}]}}