{"id":3333,"date":"2024-12-24T21:48:18","date_gmt":"2024-12-24T20:48:18","guid":{"rendered":"https:\/\/www.daras.eu\/asm\/?page_id=3333"},"modified":"2025-03-26T18:19:59","modified_gmt":"2025-03-26T17:19:59","slug":"5-autres-peintures","status":"publish","type":"page","link":"https:\/\/www.daras.eu\/asm\/5-autres-peintures\/","title":{"rendered":"6 &#8211; Autres peintures"},"content":{"rendered":"\t\t<div data-elementor-type=\"wp-page\" data-elementor-id=\"3333\" class=\"elementor elementor-3333\" data-elementor-post-type=\"page\">\n\t\t\t\t<div class=\"elementor-element elementor-element-d61ccb6 e-flex e-con-boxed e-con e-parent\" data-id=\"d61ccb6\" data-element_type=\"container\" data-e-type=\"container\">\n\t\t\t\t\t<div class=\"e-con-inner\">\n\t\t\t\t<div class=\"elementor-element elementor-element-55040e0 elementor-widget elementor-widget-text-editor\" data-id=\"55040e0\" data-element_type=\"widget\" data-e-type=\"widget\" data-widget_type=\"text-editor.default\">\n\t\t\t\t<div class=\"elementor-widget-container\">\n\t\t\t\t\t\t\t\t\t<p><span style=\"color: #ffffff;\">&#8211;<\/span><\/p>\t\t\t\t\t\t\t\t<\/div>\n\t\t\t\t<\/div>\n\t\t\t\t\t<\/div>\n\t\t\t\t<\/div>\n\t\t<div class=\"elementor-element elementor-element-2e31f6e e-con-full e-flex e-con e-parent\" data-id=\"2e31f6e\" data-element_type=\"container\" data-e-type=\"container\">\n\t\t\t\t<div class=\"elementor-element elementor-element-244f58f elementor-widget elementor-widget-heading\" data-id=\"244f58f\" data-element_type=\"widget\" data-e-type=\"widget\" data-widget_type=\"heading.default\">\n\t\t\t\t<div class=\"elementor-widget-container\">\n\t\t\t\t\t<h5 class=\"elementor-heading-title elementor-size-default\">Autres peintures   <\/h5>\t\t\t\t<\/div>\n\t\t\t\t<\/div>\n\t\t\t\t<\/div>\n\t\t<div class=\"elementor-element elementor-element-080779d e-flex e-con-boxed e-con e-parent\" data-id=\"080779d\" data-element_type=\"container\" data-e-type=\"container\">\n\t\t\t\t\t<div class=\"e-con-inner\">\n\t\t\t\t<div class=\"elementor-element elementor-element-c2022af elementor-widget elementor-widget-text-editor\" data-id=\"c2022af\" data-element_type=\"widget\" data-e-type=\"widget\" data-widget_type=\"text-editor.default\">\n\t\t\t\t<div class=\"elementor-widget-container\">\n\t\t\t\t\t\t\t\t\t<p><span style=\"color: #ffffff;\">&#8211;<\/span><\/p>\t\t\t\t\t\t\t\t<\/div>\n\t\t\t\t<\/div>\n\t\t\t\t\t<\/div>\n\t\t\t\t<\/div>\n\t\t<div class=\"elementor-element elementor-element-d6a7934 e-con-full e-flex e-con e-parent\" data-id=\"d6a7934\" data-element_type=\"container\" data-e-type=\"container\">\n\t\t<div class=\"elementor-element elementor-element-7099db5 e-con-full e-flex e-con e-child\" data-id=\"7099db5\" data-element_type=\"container\" data-e-type=\"container\">\n\t\t\t\t<div class=\"elementor-element elementor-element-0a0c994 elementor-widget elementor-widget-image\" data-id=\"0a0c994\" data-element_type=\"widget\" data-e-type=\"widget\" data-widget_type=\"image.default\">\n\t\t\t\t<div class=\"elementor-widget-container\">\n\t\t\t\t\t\t\t\t\t\t\t\t<figure class=\"wp-caption\">\n\t\t\t\t\t\t\t\t\t\t<img fetchpriority=\"high\" decoding=\"async\" width=\"1024\" height=\"713\" src=\"https:\/\/www.daras.eu\/wp-content\/uploads\/2025\/01\/asm039p2_nolette_IMG_0302-1024x713.jpg\" class=\"attachment-large size-large wp-image-4169\" alt=\"\" srcset=\"https:\/\/www.daras.eu\/wp-content\/uploads\/2025\/01\/asm039p2_nolette_IMG_0302-1024x713.jpg 1024w, https:\/\/www.daras.eu\/wp-content\/uploads\/2025\/01\/asm039p2_nolette_IMG_0302-300x209.jpg 300w, https:\/\/www.daras.eu\/wp-content\/uploads\/2025\/01\/asm039p2_nolette_IMG_0302-768x535.jpg 768w, https:\/\/www.daras.eu\/wp-content\/uploads\/2025\/01\/asm039p2_nolette_IMG_0302-1536x1069.jpg 1536w, https:\/\/www.daras.eu\/wp-content\/uploads\/2025\/01\/asm039p2_nolette_IMG_0302-2048x1425.jpg 2048w\" sizes=\"(max-width: 1024px) 100vw, 1024px\" \/>\t\t\t\t\t\t\t\t\t\t\t<figcaption class=\"widget-image-caption wp-caption-text\">Nolette, vue sur l'envol, Le tableau d'Albert Siffait de Moncourt a \u00e9t\u00e9 br\u00fbl\u00e9 \u00e0 Lyon pendant la guerre 40-45. Il s'agit d'une photographie du tableau souvent reproduite en carte postale. En 1909, Les Fr\u00e8res Caudron, pionniers de l'aviation originaires de la r\u00e9gion de Rue, attendent des moteurs, ils s'entra\u00eenent \u00e0 effectuer des vols avec ce planeur tir\u00e9 par la jument Luciole. ASM039.<\/figcaption>\n\t\t\t\t\t\t\t\t\t\t<\/figure>\n\t\t\t\t\t\t\t\t\t<\/div>\n\t\t\t\t<\/div>\n\t\t\t\t<\/div>\n\t\t<div class=\"elementor-element elementor-element-d87220f e-con-full e-flex e-con e-child\" data-id=\"d87220f\" data-element_type=\"container\" data-e-type=\"container\">\n\t\t\t\t<\/div>\n\t\t<div class=\"elementor-element elementor-element-0ec2564 e-con-full e-flex e-con e-child\" data-id=\"0ec2564\" data-element_type=\"container\" data-e-type=\"container\">\n\t\t\t\t<div class=\"elementor-element elementor-element-ec64a3c elementor-widget elementor-widget-image\" data-id=\"ec64a3c\" data-element_type=\"widget\" data-e-type=\"widget\" data-widget_type=\"image.default\">\n\t\t\t\t<div class=\"elementor-widget-container\">\n\t\t\t\t\t\t\t\t\t\t\t\t<figure class=\"wp-caption\">\n\t\t\t\t\t\t\t\t\t\t<img decoding=\"async\" width=\"672\" height=\"471\" src=\"https:\/\/www.daras.eu\/wp-content\/uploads\/2025\/01\/asm047h_bourgeois.jpg\" class=\"attachment-large size-large wp-image-4167\" alt=\"\" srcset=\"https:\/\/www.daras.eu\/wp-content\/uploads\/2025\/01\/asm047h_bourgeois.jpg 672w, https:\/\/www.daras.eu\/wp-content\/uploads\/2025\/01\/asm047h_bourgeois-300x210.jpg 300w\" sizes=\"(max-width: 672px) 100vw, 672px\" \/>\t\t\t\t\t\t\t\t\t\t\t<figcaption class=\"widget-image-caption wp-caption-text\">Reddition de Calais, huile sur toile, inv M.P.P. 401, cr\u00e9dit photo: mus\u00e9e de Picardie. Au salon des artistes fran\u00e7ais il obtient en 1890 la m\u00e9daille d'honneur pour sa \"Reddition de Calais\". R\u00e9f. catalogue : ASM047. Dans les ann\u00e9es 1330, Calais est assi\u00e9g\u00e9 par les Anglais qui sont pr\u00e8s \u00e0 envahir la ville. Afin d'\u00e9viter le massacre, six bourgeois de Calais offrent  leur vie en \u00e9change de la libert\u00e9 pour les habitants.\n<\/figcaption>\n\t\t\t\t\t\t\t\t\t\t<\/figure>\n\t\t\t\t\t\t\t\t\t<\/div>\n\t\t\t\t<\/div>\n\t\t\t\t<\/div>\n\t\t\t\t<\/div>\n\t\t<div class=\"elementor-element elementor-element-9cca5bb e-flex e-con-boxed e-con e-parent\" data-id=\"9cca5bb\" data-element_type=\"container\" data-e-type=\"container\">\n\t\t\t\t\t<div class=\"e-con-inner\">\n\t\t\t\t<div class=\"elementor-element elementor-element-83de11e elementor-widget elementor-widget-text-editor\" data-id=\"83de11e\" data-element_type=\"widget\" data-e-type=\"widget\" data-widget_type=\"text-editor.default\">\n\t\t\t\t<div class=\"elementor-widget-container\">\n\t\t\t\t\t\t\t\t\t<hr \/><p><span style=\"color: #ffffff;\">&#8211;<\/span><\/p>\t\t\t\t\t\t\t\t<\/div>\n\t\t\t\t<\/div>\n\t\t\t\t\t<\/div>\n\t\t\t\t<\/div>\n\t\t<div class=\"elementor-element elementor-element-5da9fb5 e-con-full e-flex e-con e-parent\" data-id=\"5da9fb5\" data-element_type=\"container\" data-e-type=\"container\">\n\t\t\t\t<div class=\"elementor-element elementor-element-7bbcd7b elementor-widget__width-initial elementor-widget elementor-widget-text-editor\" data-id=\"7bbcd7b\" data-element_type=\"widget\" data-e-type=\"widget\" data-widget_type=\"text-editor.default\">\n\t\t\t\t<div class=\"elementor-widget-container\">\n\t\t\t\t\t\t\t\t\t<p><span style=\"color: #ff6600;\">Deux fresques faisant partie d&rsquo;un ensemble de sept d\u00e9corant les murs d&rsquo;une pi\u00e8ce de la maison de l&rsquo;artiste.<\/span><br \/><span style=\"color: #ff6600;\">Ce sont des reconstitutions historiques d&rsquo;une m\u00eame dimension : 50 x 1,50 cm<\/span><span style=\"color: #222222; font-family: Arial, Helvetica, sans-serif; font-size: small; letter-spacing: normal; font-style: var( --e-global-typography-text-font-style ); font-weight: var( --e-global-typography-text-font-weight ); text-align: var(--text-align); background-color: var(--ast-global-color-5);\">\u00a0<\/span><span style=\"color: #222222; font-family: Arial, Helvetica, sans-serif; font-size: small; letter-spacing: normal; font-style: var( --e-global-typography-text-font-style ); font-weight: var( --e-global-typography-text-font-weight ); text-align: var(--text-align); background-color: var(--ast-global-color-5);\">.<\/span><\/p>\t\t\t\t\t\t\t\t<\/div>\n\t\t\t\t<\/div>\n\t\t\t\t<\/div>\n\t\t<div class=\"elementor-element elementor-element-8b4ccda e-con-full e-flex e-con e-parent\" data-id=\"8b4ccda\" data-element_type=\"container\" data-e-type=\"container\">\n\t\t<div class=\"elementor-element elementor-element-f2dc202 e-con-full e-flex e-con e-child\" data-id=\"f2dc202\" data-element_type=\"container\" data-e-type=\"container\">\n\t\t\t\t<div class=\"elementor-element elementor-element-9aeea57 elementor-widget__width-initial elementor-widget elementor-widget-image\" data-id=\"9aeea57\" data-element_type=\"widget\" data-e-type=\"widget\" data-widget_type=\"image.default\">\n\t\t\t\t<div class=\"elementor-widget-container\">\n\t\t\t\t\t\t\t\t\t\t\t\t<figure class=\"wp-caption\">\n\t\t\t\t\t\t\t\t\t\t<img decoding=\"async\" width=\"213\" height=\"625\" src=\"https:\/\/www.daras.eu\/wp-content\/uploads\/2025\/01\/asm132p_chambre5.jpg\" class=\"attachment-large size-large wp-image-4416\" alt=\"\" srcset=\"https:\/\/www.daras.eu\/wp-content\/uploads\/2025\/01\/asm132p_chambre5.jpg 213w, https:\/\/www.daras.eu\/wp-content\/uploads\/2025\/01\/asm132p_chambre5-102x300.jpg 102w\" sizes=\"(max-width: 213px) 100vw, 213px\" \/>\t\t\t\t\t\t\t\t\t\t\t<figcaption class=\"widget-image-caption wp-caption-text\">Moulin \u00e0 eau. R\u00e9f. catalogue : ASM132<\/figcaption>\n\t\t\t\t\t\t\t\t\t\t<\/figure>\n\t\t\t\t\t\t\t\t\t<\/div>\n\t\t\t\t<\/div>\n\t\t\t\t<\/div>\n\t\t<div class=\"elementor-element elementor-element-d5e6973 e-con-full e-flex e-con e-child\" data-id=\"d5e6973\" data-element_type=\"container\" data-e-type=\"container\">\n\t\t\t\t<\/div>\n\t\t<div class=\"elementor-element elementor-element-602bf01 e-con-full e-flex e-con e-child\" data-id=\"602bf01\" data-element_type=\"container\" data-e-type=\"container\">\n\t\t\t\t<div class=\"elementor-element elementor-element-1aecdf3 elementor-widget elementor-widget-image\" data-id=\"1aecdf3\" data-element_type=\"widget\" data-e-type=\"widget\" data-widget_type=\"image.default\">\n\t\t\t\t<div class=\"elementor-widget-container\">\n\t\t\t\t\t\t\t\t\t\t\t\t<figure class=\"wp-caption\">\n\t\t\t\t\t\t\t\t\t\t<img loading=\"lazy\" decoding=\"async\" width=\"217\" height=\"660\" src=\"https:\/\/www.daras.eu\/wp-content\/uploads\/2025\/01\/asm134p_chambre7.jpg\" class=\"attachment-large size-large wp-image-4415\" alt=\"\" srcset=\"https:\/\/www.daras.eu\/wp-content\/uploads\/2025\/01\/asm134p_chambre7.jpg 217w, https:\/\/www.daras.eu\/wp-content\/uploads\/2025\/01\/asm134p_chambre7-99x300.jpg 99w\" sizes=\"(max-width: 217px) 100vw, 217px\" \/>\t\t\t\t\t\t\t\t\t\t\t<figcaption class=\"widget-image-caption wp-caption-text\">Ch\u00e2teau du Gard \u00e0 Larronville-l\u00e9s-Rue. A ce jour, il ne reste que l'emplacement (motte m\u00e9di\u00e9vale entour\u00e9e de douves). R\u00e9f. catalogue : ASM134<\/figcaption>\n\t\t\t\t\t\t\t\t\t\t<\/figure>\n\t\t\t\t\t\t\t\t\t<\/div>\n\t\t\t\t<\/div>\n\t\t\t\t<\/div>\n\t\t\t\t<\/div>\n\t\t<div class=\"elementor-element elementor-element-ff1bb10 e-flex e-con-boxed e-con e-parent\" data-id=\"ff1bb10\" data-element_type=\"container\" data-e-type=\"container\">\n\t\t\t\t\t<div class=\"e-con-inner\">\n\t\t\t\t<div class=\"elementor-element elementor-element-808978e elementor-widget elementor-widget-text-editor\" data-id=\"808978e\" data-element_type=\"widget\" data-e-type=\"widget\" data-widget_type=\"text-editor.default\">\n\t\t\t\t<div class=\"elementor-widget-container\">\n\t\t\t\t\t\t\t\t\t<hr \/><p><span style=\"color: #ffffff;\">&#8211;<\/span><\/p>\t\t\t\t\t\t\t\t<\/div>\n\t\t\t\t<\/div>\n\t\t\t\t\t<\/div>\n\t\t\t\t<\/div>\n\t\t<div class=\"elementor-element elementor-element-e952863 e-con-full e-flex e-con e-parent\" data-id=\"e952863\" data-element_type=\"container\" data-e-type=\"container\">\n\t\t<div class=\"elementor-element elementor-element-1d5c308 e-con-full e-flex e-con e-child\" data-id=\"1d5c308\" data-element_type=\"container\" data-e-type=\"container\">\n\t\t\t\t<div class=\"elementor-element elementor-element-40ed4b0 elementor-widget__width-initial elementor-widget elementor-widget-image\" data-id=\"40ed4b0\" data-element_type=\"widget\" data-e-type=\"widget\" data-widget_type=\"image.default\">\n\t\t\t\t<div class=\"elementor-widget-container\">\n\t\t\t\t\t\t\t\t\t\t\t\t<figure class=\"wp-caption\">\n\t\t\t\t\t\t\t\t\t\t<img loading=\"lazy\" decoding=\"async\" width=\"97\" height=\"421\" src=\"https:\/\/www.daras.eu\/wp-content\/uploads\/2025\/03\/asm189w_la_fontaine2_1.jpg\" class=\"attachment-large size-large wp-image-7873\" alt=\"\" srcset=\"https:\/\/www.daras.eu\/wp-content\/uploads\/2025\/03\/asm189w_la_fontaine2_1.jpg 97w, https:\/\/www.daras.eu\/wp-content\/uploads\/2025\/03\/asm189w_la_fontaine2_1-69x300.jpg 69w\" sizes=\"(max-width: 97px) 100vw, 97px\" \/>\t\t\t\t\t\t\t\t\t\t\t<figcaption class=\"widget-image-caption wp-caption-text\">Fable de La Fontaine. Le corbeau et le renard. R\u00e9f. cat. ASM035. Coll. part.<\/figcaption>\n\t\t\t\t\t\t\t\t\t\t<\/figure>\n\t\t\t\t\t\t\t\t\t<\/div>\n\t\t\t\t<\/div>\n\t\t\t\t<\/div>\n\t\t<div class=\"elementor-element elementor-element-c3a0726 e-con-full e-flex e-con e-child\" data-id=\"c3a0726\" data-element_type=\"container\" data-e-type=\"container\">\n\t\t\t\t<div class=\"elementor-element elementor-element-2749a80 elementor-widget elementor-widget-image\" data-id=\"2749a80\" data-element_type=\"widget\" data-e-type=\"widget\" data-widget_type=\"image.default\">\n\t\t\t\t<div class=\"elementor-widget-container\">\n\t\t\t\t\t\t\t\t\t\t\t\t<figure class=\"wp-caption\">\n\t\t\t\t\t\t\t\t\t\t<img loading=\"lazy\" decoding=\"async\" width=\"100\" height=\"405\" src=\"https:\/\/www.daras.eu\/wp-content\/uploads\/2025\/03\/asm034w_la_fontaine1_1.jpg\" class=\"attachment-large size-large wp-image-7877\" alt=\"\" srcset=\"https:\/\/www.daras.eu\/wp-content\/uploads\/2025\/03\/asm034w_la_fontaine1_1.jpg 100w, https:\/\/www.daras.eu\/wp-content\/uploads\/2025\/03\/asm034w_la_fontaine1_1-74x300.jpg 74w\" sizes=\"(max-width: 100px) 100vw, 100px\" \/>\t\t\t\t\t\t\t\t\t\t\t<figcaption class=\"widget-image-caption wp-caption-text\">Fable de La Fontaine. R\u00e9f. cat. ASM034. Coll. part.<\/figcaption>\n\t\t\t\t\t\t\t\t\t\t<\/figure>\n\t\t\t\t\t\t\t\t\t<\/div>\n\t\t\t\t<\/div>\n\t\t\t\t<\/div>\n\t\t\t\t<\/div>\n\t\t<div class=\"elementor-element elementor-element-b3aca48 e-flex e-con-boxed e-con e-parent\" data-id=\"b3aca48\" data-element_type=\"container\" data-e-type=\"container\">\n\t\t\t\t\t<div class=\"e-con-inner\">\n\t\t\t\t<div class=\"elementor-element elementor-element-61b832e elementor-widget elementor-widget-text-editor\" data-id=\"61b832e\" data-element_type=\"widget\" data-e-type=\"widget\" data-widget_type=\"text-editor.default\">\n\t\t\t\t<div class=\"elementor-widget-container\">\n\t\t\t\t\t\t\t\t\t<p><span style=\"color: #ffffff;\">&#8211;<\/span>\u00a0<\/p>\t\t\t\t\t\t\t\t<\/div>\n\t\t\t\t<\/div>\n\t\t\t\t\t<\/div>\n\t\t\t\t<\/div>\n\t\t<div class=\"elementor-element elementor-element-d9a6f6f e-grid e-con-full e-con e-child\" data-id=\"d9a6f6f\" data-element_type=\"container\" data-e-type=\"container\">\n\t\t\t\t<div class=\"elementor-element elementor-element-05655a1 elementor-position-top elementor-widget elementor-widget-image-box\" data-id=\"05655a1\" data-element_type=\"widget\" data-e-type=\"widget\" data-widget_type=\"image-box.default\">\n\t\t\t\t<div class=\"elementor-widget-container\">\n\t\t\t\t\t<div class=\"elementor-image-box-wrapper\"><figure class=\"elementor-image-box-img\"><a href=\"https:\/\/www.daras.eu\/asm\/6-les-expositions\/\" tabindex=\"-1\"><img loading=\"lazy\" decoding=\"async\" width=\"31\" height=\"27\" src=\"https:\/\/www.daras.eu\/wp-content\/uploads\/2025\/02\/Gauche.jpg\" class=\"attachment-thumbnail size-thumbnail wp-image-6125\" alt=\"\" \/><\/a><\/figure><div class=\"elementor-image-box-content\"><h3 class=\"elementor-image-box-title\"><a href=\"https:\/\/www.daras.eu\/asm\/6-les-expositions\/\">PRECEDENT<\/a><\/h3><p class=\"elementor-image-box-description\">Campagne et villages<\/p><\/div><\/div>\t\t\t\t<\/div>\n\t\t\t\t<\/div>\n\t\t\t\t<div class=\"elementor-element elementor-element-1949ed8 elementor-position-top elementor-widget elementor-widget-image-box\" data-id=\"1949ed8\" data-element_type=\"widget\" data-e-type=\"widget\" data-widget_type=\"image-box.default\">\n\t\t\t\t<div class=\"elementor-widget-container\">\n\t\t\t\t\t<div class=\"elementor-image-box-wrapper\"><figure class=\"elementor-image-box-img\"><a href=\"https:\/\/www.daras.eu\/asm\/7-ses-amis\/\" tabindex=\"-1\"><img loading=\"lazy\" decoding=\"async\" width=\"34\" height=\"25\" src=\"https:\/\/www.daras.eu\/wp-content\/uploads\/2025\/02\/droite.jpg\" class=\"attachment-thumbnail size-thumbnail wp-image-6124\" alt=\"\" \/><\/a><\/figure><div class=\"elementor-image-box-content\"><h3 class=\"elementor-image-box-title\"><a href=\"https:\/\/www.daras.eu\/asm\/7-ses-amis\/\">SUIVANT<\/a><\/h3><p class=\"elementor-image-box-description\">Ses amis<\/p><\/div><\/div>\t\t\t\t<\/div>\n\t\t\t\t<\/div>\n\t\t\t\t<\/div>\n\t\t\t\t<\/div>\n\t\t","protected":false},"excerpt":{"rendered":"<p>&#8211; Autres peintures &#8211; Nolette, vue sur l&rsquo;envol, Le tableau d&rsquo;Albert Siffait de Moncourt a \u00e9t\u00e9 br\u00fbl\u00e9 \u00e0 Lyon pendant la guerre 40-45. Il s&rsquo;agit d&rsquo;une photographie du tableau souvent reproduite en carte postale. En 1909, Les Fr\u00e8res Caudron, pionniers de l&rsquo;aviation originaires de la r\u00e9gion de Rue, attendent des moteurs, ils s&rsquo;entra\u00eenent \u00e0 effectuer [&hellip;]<\/p>\n","protected":false},"author":1,"featured_media":0,"parent":0,"menu_order":0,"comment_status":"closed","ping_status":"closed","template":"","meta":{"site-sidebar-layout":"no-sidebar","site-content-layout":"page-builder","ast-site-content-layout":"full-width-container","site-content-style":"default","site-sidebar-style":"default","ast-global-header-display":"","ast-banner-title-visibility":"","ast-main-header-display":"","ast-hfb-above-header-display":"","ast-hfb-below-header-display":"","ast-hfb-mobile-header-display":"","site-post-title":"disabled","ast-breadcrumbs-content":"","ast-featured-img":"disabled","footer-sml-layout":"","ast-disable-related-posts":"","theme-transparent-header-meta":"","adv-header-id-meta":"","stick-header-meta":"","header-above-stick-meta":"","header-main-stick-meta":"","header-below-stick-meta":"","astra-migrate-meta-layouts":"set","ast-page-background-enabled":"default","ast-page-background-meta":{"desktop":{"background-color":"var(--ast-global-color-4)","background-image":"","background-repeat":"repeat","background-position":"center center","background-size":"auto","background-attachment":"scroll","background-type":"","background-media":"","overlay-type":"","overlay-color":"","overlay-opacity":"","overlay-gradient":""},"tablet":{"background-color":"","background-image":"","background-repeat":"repeat","background-position":"center center","background-size":"auto","background-attachment":"scroll","background-type":"","background-media":"","overlay-type":"","overlay-color":"","overlay-opacity":"","overlay-gradient":""},"mobile":{"background-color":"","background-image":"","background-repeat":"repeat","background-position":"center center","background-size":"auto","background-attachment":"scroll","background-type":"","background-media":"","overlay-type":"","overlay-color":"","overlay-opacity":"","overlay-gradient":""}},"ast-content-background-meta":{"desktop":{"background-color":"var(--ast-global-color-5)","background-image":"","background-repeat":"repeat","background-position":"center center","background-size":"auto","background-attachment":"scroll","background-type":"","background-media":"","overlay-type":"","overlay-color":"","overlay-opacity":"","overlay-gradient":""},"tablet":{"background-color":"var(--ast-global-color-5)","background-image":"","background-repeat":"repeat","background-position":"center center","background-size":"auto","background-attachment":"scroll","background-type":"","background-media":"","overlay-type":"","overlay-color":"","overlay-opacity":"","overlay-gradient":""},"mobile":{"background-color":"var(--ast-global-color-5)","background-image":"","background-repeat":"repeat","background-position":"center center","background-size":"auto","background-attachment":"scroll","background-type":"","background-media":"","overlay-type":"","overlay-color":"","overlay-opacity":"","overlay-gradient":""}},"footnotes":""},"class_list":["post-3333","page","type-page","status-publish","hentry"],"rttpg_featured_image_url":null,"rttpg_author":{"display_name":"xdaras","author_link":"https:\/\/www.daras.eu\/asm\/author\/xdaras\/"},"rttpg_comment":0,"rttpg_category":null,"rttpg_excerpt":"&#8211; Autres peintures &#8211; Nolette, vue sur l&rsquo;envol, Le tableau d&rsquo;Albert Siffait de Moncourt a \u00e9t\u00e9 br\u00fbl\u00e9 \u00e0 Lyon pendant la guerre 40-45. Il s&rsquo;agit d&rsquo;une photographie du tableau souvent reproduite en carte postale. En 1909, Les Fr\u00e8res Caudron, pionniers de l&rsquo;aviation originaires de la r\u00e9gion de Rue, attendent des moteurs, ils s&rsquo;entra\u00eenent \u00e0 effectuer\u2026","_links":{"self":[{"href":"https:\/\/www.daras.eu\/asm\/wp-json\/wp\/v2\/pages\/3333","targetHints":{"allow":["GET"]}}],"collection":[{"href":"https:\/\/www.daras.eu\/asm\/wp-json\/wp\/v2\/pages"}],"about":[{"href":"https:\/\/www.daras.eu\/asm\/wp-json\/wp\/v2\/types\/page"}],"author":[{"embeddable":true,"href":"https:\/\/www.daras.eu\/asm\/wp-json\/wp\/v2\/users\/1"}],"replies":[{"embeddable":true,"href":"https:\/\/www.daras.eu\/asm\/wp-json\/wp\/v2\/comments?post=3333"}],"version-history":[{"count":204,"href":"https:\/\/www.daras.eu\/asm\/wp-json\/wp\/v2\/pages\/3333\/revisions"}],"predecessor-version":[{"id":8197,"href":"https:\/\/www.daras.eu\/asm\/wp-json\/wp\/v2\/pages\/3333\/revisions\/8197"}],"wp:attachment":[{"href":"https:\/\/www.daras.eu\/asm\/wp-json\/wp\/v2\/media?parent=3333"}],"curies":[{"name":"wp","href":"https:\/\/api.w.org\/{rel}","templated":true}]}}