{"id":3346,"date":"2024-12-24T22:39:36","date_gmt":"2024-12-24T21:39:36","guid":{"rendered":"https:\/\/www.daras.eu\/asm\/?page_id=3346"},"modified":"2025-03-26T20:48:43","modified_gmt":"2025-03-26T19:48:43","slug":"8-le-carnet-de-guerre","status":"publish","type":"page","link":"https:\/\/www.daras.eu\/asm\/8-le-carnet-de-guerre\/","title":{"rendered":"8 &#8211; Le carnet de guerre"},"content":{"rendered":"\t\t<div data-elementor-type=\"wp-page\" data-elementor-id=\"3346\" class=\"elementor elementor-3346\" data-elementor-post-type=\"page\">\n\t\t\t\t<div class=\"elementor-element elementor-element-c139a95 e-con-full e-flex e-con e-parent\" data-id=\"c139a95\" data-element_type=\"container\" data-e-type=\"container\">\n\t\t\t\t<div class=\"elementor-element elementor-element-42ef67a elementor-widget elementor-widget-text-editor\" data-id=\"42ef67a\" data-element_type=\"widget\" data-e-type=\"widget\" data-widget_type=\"text-editor.default\">\n\t\t\t\t<div class=\"elementor-widget-container\">\n\t\t\t\t\t\t\t\t\t<p><span style=\"color: #ffffff;\">&#8211;<\/span><\/p>\t\t\t\t\t\t\t\t<\/div>\n\t\t\t\t<\/div>\n\t\t\t\t<div class=\"elementor-element elementor-element-e2f6af8 elementor-widget elementor-widget-heading\" data-id=\"e2f6af8\" data-element_type=\"widget\" data-e-type=\"widget\" data-widget_type=\"heading.default\">\n\t\t\t\t<div class=\"elementor-widget-container\">\n\t\t\t\t\t<h5 class=\"elementor-heading-title elementor-size-default\">Le carnet de guerre<\/h5>\t\t\t\t<\/div>\n\t\t\t\t<\/div>\n\t\t\t\t<div class=\"elementor-element elementor-element-4f7f766 elementor-widget elementor-widget-text-editor\" data-id=\"4f7f766\" data-element_type=\"widget\" data-e-type=\"widget\" data-widget_type=\"text-editor.default\">\n\t\t\t\t<div class=\"elementor-widget-container\">\n\t\t\t\t\t\t\t\t\t<p><span style=\"color: #ffffff;\">&#8211;<\/span><\/p>\t\t\t\t\t\t\t\t<\/div>\n\t\t\t\t<\/div>\n\t\t\t\t<\/div>\n\t\t<div class=\"elementor-element elementor-element-949d6e2 e-con-full e-flex e-con e-parent\" data-id=\"949d6e2\" data-element_type=\"container\" data-e-type=\"container\">\n\t\t<div class=\"elementor-element elementor-element-b59d1dd e-con-full e-flex e-con e-child\" data-id=\"b59d1dd\" data-element_type=\"container\" data-e-type=\"container\">\n\t\t\t\t<div class=\"elementor-element elementor-element-ec58dcc elementor-widget elementor-widget-image\" data-id=\"ec58dcc\" data-element_type=\"widget\" data-e-type=\"widget\" data-widget_type=\"image.default\">\n\t\t\t\t<div class=\"elementor-widget-container\">\n\t\t\t\t\t\t\t\t\t\t\t\t<figure class=\"wp-caption\">\n\t\t\t\t\t\t\t\t\t\t<img fetchpriority=\"high\" decoding=\"async\" width=\"294\" height=\"300\" src=\"https:\/\/www.daras.eu\/wp-content\/uploads\/2025\/02\/086a-294x300.jpg\" class=\"attachment-medium size-medium wp-image-4633\" alt=\"\" srcset=\"https:\/\/www.daras.eu\/wp-content\/uploads\/2025\/02\/086a-294x300.jpg 294w, https:\/\/www.daras.eu\/wp-content\/uploads\/2025\/02\/086a-768x784.jpg 768w, https:\/\/www.daras.eu\/wp-content\/uploads\/2025\/02\/086a.jpg 856w\" sizes=\"(max-width: 294px) 100vw, 294px\" \/>\t\t\t\t\t\t\t\t\t\t\t<figcaption class=\"widget-image-caption wp-caption-text\">Albert Siffait de Moncourt, en uniforme militaire, engag\u00e9 volontaire \u00e0 55 ans pendant toute la dur\u00e9e de la guerre 14-18<\/figcaption>\n\t\t\t\t\t\t\t\t\t\t<\/figure>\n\t\t\t\t\t\t\t\t\t<\/div>\n\t\t\t\t<\/div>\n\t\t\t\t<div class=\"elementor-element elementor-element-1ee9720 elementor-widget elementor-widget-text-editor\" data-id=\"1ee9720\" data-element_type=\"widget\" data-e-type=\"widget\" data-widget_type=\"text-editor.default\">\n\t\t\t\t<div class=\"elementor-widget-container\">\n\t\t\t\t\t\t\t\t\t<p><strong>Un engagement imm\u00e9diat au r\u00e9giment du 13\u00e8me Dragon<\/strong><\/p><p>D\u00e8s l&rsquo;annonce de la guerre, (le tocsin sonne dans tous les clochers de France) Albert Siffait de Moncourt part \u00e0 v\u00e9lo \u00e0 Abbeville (25 km)\u00a0 pour s&rsquo;engager dans l&rsquo;arm\u00e9e. En raison de son \u00e2ge (55 ans), il subit plusieurs refus avant d&rsquo;\u00eatre engag\u00e9 \u00ab\u00a0pour la dur\u00e9e de la guerre\u00a0\u00bb. Il sera principalement estafette \u00e0 <span style=\"font-size: 16px; font-style: normal; font-weight: 400;\">cheval<\/span><span style=\"font-size: 16px;\">, c&rsquo;est dire en charge de la transmission des messages entre les \u00e9tats-majors. Il fera tout pour rester pr\u00e8s du front, refusant des affections \u00e0 l&rsquo;arri\u00e8re : \u00ab\u00a0la territorial\u00a0\u00bb.<\/span><\/p><p>Pendant les quatre ann\u00e9es de guerre il ne peint pas, simplement quelques \u00ab\u00a0pochades\u00a0\u00bb ou portraits rapides de ses compagnons pour leur famille.<\/p><p>Il restera un simple soldat c\u00f4toyant les officiers qu&rsquo;ils rencontraient souvent dans le cadre de sa fonction. Son carnet \u00e9voque plus d&rsquo;une centaine de noms de personnes qu&rsquo;il connaissait, le plus souvent, avant 1914 et qu&rsquo;il retrouve au gr\u00e9 de ses d\u00e9placements.<br \/>Son seul fils d\u00e9c\u00e8de fin 1918 suite \u00e0 une maladie contract\u00e9e sur le front (\u00ab\u00a0ayant su la victoire\u00a0\u00bb)<\/p><p class=\"style_asm\">\u00a0<\/p>\t\t\t\t\t\t\t\t<\/div>\n\t\t\t\t<\/div>\n\t\t\t\t<div class=\"elementor-element elementor-element-0d0770d elementor-widget elementor-widget-image\" data-id=\"0d0770d\" data-element_type=\"widget\" data-e-type=\"widget\" data-widget_type=\"image.default\">\n\t\t\t\t<div class=\"elementor-widget-container\">\n\t\t\t\t\t\t\t\t\t\t\t\t<figure class=\"wp-caption\">\n\t\t\t\t\t\t\t\t\t\t<img decoding=\"async\" width=\"300\" height=\"364\" src=\"https:\/\/www.daras.eu\/wp-content\/uploads\/2025\/02\/asm_estafette.jpg\" class=\"attachment-large size-large wp-image-4737\" alt=\"\" srcset=\"https:\/\/www.daras.eu\/wp-content\/uploads\/2025\/02\/asm_estafette.jpg 300w, https:\/\/www.daras.eu\/wp-content\/uploads\/2025\/02\/asm_estafette-247x300.jpg 247w\" sizes=\"(max-width: 300px) 100vw, 300px\" \/>\t\t\t\t\t\t\t\t\t\t\t<figcaption class=\"widget-image-caption wp-caption-text\">Photographie trouv\u00e9e dans le carnet de guerre, repr\u00e9sentant Albert Siffait de Moncourt en estafette vers la fin de la guerre.\nIl monte Brin d'amour un cheval avec lequel il lui arrive de faire 100 km en une journ\u00e9e. Ci-dessous, une citation extraite du carnet :\n\u00ab J\u2019entendis un poilu dire en me voyant passer : \u00ab Ce vieux-l\u00e0, il monte comme un civil. \u00bb. Des \u00e9loges que j\u2019ai pu recevoir pendant la guerre celui-ci est un de ceux qui m\u2019ont le plus touch\u00e9. \u00bb NB: par comparaison avec un militaire qui peut monter un cheval pour se montrer plus que pour son plaisir !<\/figcaption>\n\t\t\t\t\t\t\t\t\t\t<\/figure>\n\t\t\t\t\t\t\t\t\t<\/div>\n\t\t\t\t<\/div>\n\t\t\t\t<\/div>\n\t\t\t\t<\/div>\n\t\t<div class=\"elementor-element elementor-element-c0aa169 e-con-full e-flex e-con e-parent\" data-id=\"c0aa169\" data-element_type=\"container\" data-e-type=\"container\">\n\t\t\t\t<div class=\"elementor-element elementor-element-c2c4ae3 elementor-widget__width-initial elementor-widget elementor-widget-text-editor\" data-id=\"c2c4ae3\" data-element_type=\"widget\" data-e-type=\"widget\" data-widget_type=\"text-editor.default\">\n\t\t\t\t<div class=\"elementor-widget-container\">\n\t\t\t\t\t\t\t\t\t<p>\u00a0<\/p><p class=\"style_asm\"><strong>Pr\u00e9face de son carnet de guerre qu&rsquo;il intitule \u00ab\u00a0Souvenirs de 14-18\u00a0\u00bb<\/strong><\/p><p class=\"style_asm\">Ceci n&rsquo;est pas une histoire de la guerre.<\/p><p class=\"style_asm\">J&rsquo;ai voulu simplement pour mes petits enfants, si j&rsquo;ai le bonheur d&rsquo;en avoir, r\u00e9sumer mes impressions pendant cette p\u00e9riode qui a du laisser \u00e0 tous des souvenirs inoubliables. Mon r\u00f4le, bien modeste ma permis d&rsquo;observer cependant les combattants de tous grades. Je n&rsquo;ai pas pu comme je l&rsquo;aurais d\u00e9sir\u00e9, prendre une part r\u00e9elle au combat. Ceux qui liront ces lignes verront que je n&rsquo;ai \u00e9t\u00e9 ni un h\u00e9ros ni un embusqu\u00e9 et cela me suffit. Pensant que les vieux bien portants pouvaient se rendre utiles, j&rsquo;avais comme tous ceux qui sont partis, fait le sacrifice de ma vie. Je n&rsquo;ai jamais esp\u00e9r\u00e9 que cela sauverait mon fils, car la mort frappe indistinctement. Je voulais seulement, puisque le recrutement acceptait un engag\u00e9 de 55 ans, rejoindre, sur mon cheval mon fils au 13\u00e8me dragons.<\/p><p class=\"style_asm\">Les r\u00e8glements me l&rsquo;ont interdit et j&rsquo;ai pu seulement voisiner avec lui pendant quelques mois en 1917, quand nous avons appartenu au m\u00eame corps. N&rsquo;ayant aucune disposition pour l&rsquo;<a href=\"https:\/\/fr.geneawiki.com\/wiki\/Guerre_1914-1918_~_Les_Ambulances_de_Guerre#R%C3%B4le_de_l'ambulance\">ambulance<\/a> (NDLR : C&rsquo;est le premier poste m\u00e9dical pr\u00e8s du front pour porter les premiers secours au bless\u00e9s. Pas de chirurgie. L&rsquo;ambulance se compose d&rsquo;un personnel m\u00e9dical nombreux et de v\u00e9hicules (fourgons) ou tentes. L&rsquo;ensemble de l&rsquo;ambulance peut \u00eatre d\u00e9plac\u00e9 en fonction de l&rsquo;\u00e9volution du front) , ni pour la m\u00e9canique, je ne pouvais que reprendre mon m\u00e9tier &#8211; combien mal exerc\u00e9 &#8211; de cavalier de 2\u00e8me classe apr\u00e8s 35 ans d&rsquo;oubli, mais cette fois utilement. <b class=\"style_asm\">Et puis je me disais : ou bien c&rsquo;est la fin de la France, alors mieux vaut mourir avec elle que de devenir boche, ou bien c&rsquo;est la victoire, et il serait malheureux de ne pas en \u00eatre.<\/b><\/p><p class=\"style_asm\">Voulant, c&rsquo;est le seul int\u00e9r\u00eat des notes de la guerre, dire la v\u00e9rit\u00e9, toute la v\u00e9rit\u00e9, je dis ce que je pense des hommes, m\u00eame de mes amis, dont le caract\u00e8re, beau ou laid, s&rsquo;est manifest\u00e9 aupr\u00e8s de moi. Ceux que j&rsquo;ai vus sous un jour d\u00e9favorable je ne les nommerai pas, les d\u00e9signant sous de fausses initiales. Peut-\u00eatre suis-je plus susceptible que d&rsquo;autres, comme mon fils d&rsquo;ailleurs, j&rsquo;ai beaucoup souffert des hommes, tandis que la souffrance caus\u00e9e par le froid, la faim, la boue, la fatigue, le manque de sommeil, ne m&rsquo;a jamais affect\u00e9.<\/p><p class=\"style_asm\">\u00a0<\/p>\t\t\t\t\t\t\t\t<\/div>\n\t\t\t\t<\/div>\n\t\t\t\t<\/div>\n\t\t<div class=\"elementor-element elementor-element-234fea1 e-con-full e-flex e-con e-parent\" data-id=\"234fea1\" data-element_type=\"container\" data-e-type=\"container\">\n\t\t\t\t<div class=\"elementor-element elementor-element-b54380a elementor-widget elementor-widget-text-editor\" data-id=\"b54380a\" data-element_type=\"widget\" data-e-type=\"widget\" data-widget_type=\"text-editor.default\">\n\t\t\t\t<div class=\"elementor-widget-container\">\n\t\t\t\t\t\t\t\t\t<p>\u00a0<\/p><p><strong>Histoire de la d\u00e9couverte en 2003 du carnet de guerre d&rsquo;Albert Siffait de Moncourt.<\/strong><br \/>Un texte a \u00e9t\u00e9 r\u00e9dig\u00e9 dans le cadre du concours \u00ab\u00a0les 40 plus belles histoires franco-allemandes \u00a0\u00bb organis\u00e9 par\u00a0<a href=\"https:\/\/daras.fr\/asm12_retour_carnet.htm\">l&rsquo;Office Franco Allemand pour la Jeunesse<\/a>\u00a0fin 2003. \u00ab\u00a0Il invitait des Fran\u00e7ais et des Allemands, toutes g\u00e9n\u00e9rations confondues, \u00e0 t\u00e9moigner sur un \u00e9v\u00e9nement personnel franco-allemand qui les a marqu\u00e9s\u00a0\u00bb. Cette histoire a \u00e9t\u00e9 prim\u00e9e, elle fait partie des 40 parmi plus de 700 qui sont parvenues \u00e0 l&rsquo;OFAJ.<br \/>Ci-dessous cette <a href=\"https:\/\/www.daras.eu\/wp-content\/uploads\/2025\/03\/Histoire-du-retour.pdf\">histoire<\/a>.<\/p>\t\t\t\t\t\t\t\t<\/div>\n\t\t\t\t<\/div>\n\t\t\t\t<div class=\"elementor-element elementor-element-8e67eff elementor-widget elementor-widget-heading\" data-id=\"8e67eff\" data-element_type=\"widget\" data-e-type=\"widget\" data-widget_type=\"heading.default\">\n\t\t\t\t<div class=\"elementor-widget-container\">\n\t\t\t\t\t<h5 class=\"elementor-heading-title elementor-size-default\">Histoire du retour du carnet de guerre<\/h5>\t\t\t\t<\/div>\n\t\t\t\t<\/div>\n\t\t\t\t<\/div>\n\t\t<div class=\"elementor-element elementor-element-c649b1d e-flex e-con-boxed e-con e-parent\" data-id=\"c649b1d\" data-element_type=\"container\" data-e-type=\"container\">\n\t\t\t\t\t<div class=\"e-con-inner\">\n\t\t\t\t<div class=\"elementor-element elementor-element-7db2a02 elementor-widget elementor-widget-text-editor\" data-id=\"7db2a02\" data-element_type=\"widget\" data-e-type=\"widget\" data-widget_type=\"text-editor.default\">\n\t\t\t\t<div class=\"elementor-widget-container\">\n\t\t\t\t\t\t\t\t\t<p><span style=\"color: #ffffff;\">&#8211;<\/span><\/p>\t\t\t\t\t\t\t\t<\/div>\n\t\t\t\t<\/div>\n\t\t\t\t\t<\/div>\n\t\t\t\t<\/div>\n\t\t<div class=\"elementor-element elementor-element-c150682 e-con-full e-flex e-con e-parent\" data-id=\"c150682\" data-element_type=\"container\" data-e-type=\"container\">\n\t\t\t\t<div class=\"elementor-element elementor-element-b45301e elementor-widget__width-initial elementor-widget elementor-widget-image\" data-id=\"b45301e\" data-element_type=\"widget\" data-e-type=\"widget\" data-widget_type=\"image.default\">\n\t\t\t\t<div class=\"elementor-widget-container\">\n\t\t\t\t\t\t\t\t\t\t\t\t<figure class=\"wp-caption\">\n\t\t\t\t\t\t\t\t\t\t<img decoding=\"async\" width=\"728\" height=\"1024\" src=\"https:\/\/www.daras.eu\/wp-content\/uploads\/2025\/03\/LivreOFAJ1-728x1024.jpg\" class=\"attachment-large size-large wp-image-7270\" alt=\"\" srcset=\"https:\/\/www.daras.eu\/wp-content\/uploads\/2025\/03\/LivreOFAJ1-728x1024.jpg 728w, https:\/\/www.daras.eu\/wp-content\/uploads\/2025\/03\/LivreOFAJ1-213x300.jpg 213w, https:\/\/www.daras.eu\/wp-content\/uploads\/2025\/03\/LivreOFAJ1-768x1080.jpg 768w, https:\/\/www.daras.eu\/wp-content\/uploads\/2025\/03\/LivreOFAJ1-1092x1536.jpg 1092w, https:\/\/www.daras.eu\/wp-content\/uploads\/2025\/03\/LivreOFAJ1-1456x2048.jpg 1456w, https:\/\/www.daras.eu\/wp-content\/uploads\/2025\/03\/LivreOFAJ1.jpg 1583w\" sizes=\"(max-width: 728px) 100vw, 728px\" \/>\t\t\t\t\t\t\t\t\t\t\t<figcaption class=\"widget-image-caption wp-caption-text\">Couverture du livre regroupant les 40 belles histoires (publi\u00e9 \u00e9galement en allemand) - 2005<\/figcaption>\n\t\t\t\t\t\t\t\t\t\t<\/figure>\n\t\t\t\t\t\t\t\t\t<\/div>\n\t\t\t\t<\/div>\n\t\t\t\t<div class=\"elementor-element elementor-element-e94f716 elementor-widget elementor-widget-text-editor\" data-id=\"e94f716\" data-element_type=\"widget\" data-e-type=\"widget\" data-widget_type=\"text-editor.default\">\n\t\t\t\t<div class=\"elementor-widget-container\">\n\t\t\t\t\t\t\t\t\t<p><span style=\"color: #ffffff;\">&#8211;<\/span><\/p>\t\t\t\t\t\t\t\t<\/div>\n\t\t\t\t<\/div>\n\t\t\t\t<\/div>\n\t\t<div class=\"elementor-element elementor-element-71284a7 e-con-full e-flex e-con e-parent\" data-id=\"71284a7\" data-element_type=\"container\" data-e-type=\"container\">\n\t\t\t\t<div class=\"elementor-element elementor-element-f5ce795 elementor-widget elementor-widget-pdfjs-viewer\" data-id=\"f5ce795\" data-element_type=\"widget\" data-e-type=\"widget\" data-widget_type=\"pdfjs-viewer.default\">\n\t\t\t\t<div class=\"elementor-widget-container\">\n\t\t\t\t\t<iframe width=\"9\" height=\"385\" src=\"https:\/\/www.daras.eu\/wp-content\/plugins\/pdfjs-viewer-for-elementor\/\/assets\/js\/pdfjs\/web\/viewer.html?file=https:\/\/www.daras.eu\/wp-content\/uploads\/2025\/03\/Histoire-du-retour1.pdf\"><\/iframe>\t\t\t\t<\/div>\n\t\t\t\t<\/div>\n\t\t\t\t<\/div>\n\t\t<div class=\"elementor-element elementor-element-9b86818 e-flex e-con-boxed e-con e-parent\" data-id=\"9b86818\" data-element_type=\"container\" data-e-type=\"container\">\n\t\t\t\t\t<div class=\"e-con-inner\">\n\t\t\t\t<div class=\"elementor-element elementor-element-2a4823f elementor-widget elementor-widget-text-editor\" data-id=\"2a4823f\" data-element_type=\"widget\" data-e-type=\"widget\" data-widget_type=\"text-editor.default\">\n\t\t\t\t<div class=\"elementor-widget-container\">\n\t\t\t\t\t\t\t\t\t<p><span style=\"color: #ffffff;\">&#8211;<\/span><\/p><hr \/>\t\t\t\t\t\t\t\t<\/div>\n\t\t\t\t<\/div>\n\t\t\t\t\t<\/div>\n\t\t\t\t<\/div>\n\t\t<div class=\"elementor-element elementor-element-6bd1fe7 e-grid e-con-full e-con e-child\" data-id=\"6bd1fe7\" data-element_type=\"container\" data-e-type=\"container\">\n\t\t\t\t<div class=\"elementor-element elementor-element-59788e0 elementor-position-top elementor-widget elementor-widget-image-box\" data-id=\"59788e0\" data-element_type=\"widget\" data-e-type=\"widget\" data-widget_type=\"image-box.default\">\n\t\t\t\t<div class=\"elementor-widget-container\">\n\t\t\t\t\t<div class=\"elementor-image-box-wrapper\"><figure class=\"elementor-image-box-img\"><a href=\"https:\/\/www.daras.eu\/asm\/7-ses-amis\/\" tabindex=\"-1\"><img loading=\"lazy\" decoding=\"async\" width=\"31\" height=\"27\" src=\"https:\/\/www.daras.eu\/wp-content\/uploads\/2025\/02\/Gauche.jpg\" class=\"attachment-thumbnail size-thumbnail wp-image-6125\" alt=\"\" \/><\/a><\/figure><div class=\"elementor-image-box-content\"><h3 class=\"elementor-image-box-title\"><a href=\"https:\/\/www.daras.eu\/asm\/7-ses-amis\/\">PRECEDENT<\/a><\/h3><p class=\"elementor-image-box-description\">Ses amis\n<\/p><\/div><\/div>\t\t\t\t<\/div>\n\t\t\t\t<\/div>\n\t\t\t\t<div class=\"elementor-element elementor-element-12d6b04 elementor-position-top elementor-widget elementor-widget-image-box\" data-id=\"12d6b04\" data-element_type=\"widget\" data-e-type=\"widget\" data-widget_type=\"image-box.default\">\n\t\t\t\t<div class=\"elementor-widget-container\">\n\t\t\t\t\t<div class=\"elementor-image-box-wrapper\"><figure class=\"elementor-image-box-img\"><a href=\"https:\/\/www.daras.eu\/asm\/9-documentation-sources-recherches\/\" tabindex=\"-1\"><img loading=\"lazy\" decoding=\"async\" width=\"34\" height=\"25\" src=\"https:\/\/www.daras.eu\/wp-content\/uploads\/2025\/02\/droite.jpg\" class=\"attachment-thumbnail size-thumbnail wp-image-6124\" alt=\"\" \/><\/a><\/figure><div class=\"elementor-image-box-content\"><h3 class=\"elementor-image-box-title\"><a href=\"https:\/\/www.daras.eu\/asm\/9-documentation-sources-recherches\/\">SUIVANT<\/a><\/h3><p class=\"elementor-image-box-description\">Documentation-sources-recherches<\/p><\/div><\/div>\t\t\t\t<\/div>\n\t\t\t\t<\/div>\n\t\t\t\t<\/div>\n\t\t\t\t<\/div>\n\t\t","protected":false},"excerpt":{"rendered":"<p>&#8211; Le carnet de guerre &#8211; Albert Siffait de Moncourt, en uniforme militaire, engag\u00e9 volontaire \u00e0 55 ans pendant toute la dur\u00e9e de la guerre 14-18 Un engagement imm\u00e9diat au r\u00e9giment du 13\u00e8me Dragon D\u00e8s l&rsquo;annonce de la guerre, (le tocsin sonne dans tous les clochers de France) Albert Siffait de Moncourt part \u00e0 v\u00e9lo [&hellip;]<\/p>\n","protected":false},"author":1,"featured_media":0,"parent":0,"menu_order":0,"comment_status":"closed","ping_status":"closed","template":"","meta":{"site-sidebar-layout":"no-sidebar","site-content-layout":"page-builder","ast-site-content-layout":"full-width-container","site-content-style":"default","site-sidebar-style":"default","ast-global-header-display":"","ast-banner-title-visibility":"","ast-main-header-display":"","ast-hfb-above-header-display":"","ast-hfb-below-header-display":"","ast-hfb-mobile-header-display":"","site-post-title":"disabled","ast-breadcrumbs-content":"","ast-featured-img":"disabled","footer-sml-layout":"","ast-disable-related-posts":"","theme-transparent-header-meta":"","adv-header-id-meta":"","stick-header-meta":"","header-above-stick-meta":"","header-main-stick-meta":"","header-below-stick-meta":"","astra-migrate-meta-layouts":"set","ast-page-background-enabled":"default","ast-page-background-meta":{"desktop":{"background-color":"var(--ast-global-color-4)","background-image":"","background-repeat":"repeat","background-position":"center center","background-size":"auto","background-attachment":"scroll","background-type":"","background-media":"","overlay-type":"","overlay-color":"","overlay-opacity":"","overlay-gradient":""},"tablet":{"background-color":"","background-image":"","background-repeat":"repeat","background-position":"center center","background-size":"auto","background-attachment":"scroll","background-type":"","background-media":"","overlay-type":"","overlay-color":"","overlay-opacity":"","overlay-gradient":""},"mobile":{"background-color":"","background-image":"","background-repeat":"repeat","background-position":"center center","background-size":"auto","background-attachment":"scroll","background-type":"","background-media":"","overlay-type":"","overlay-color":"","overlay-opacity":"","overlay-gradient":""}},"ast-content-background-meta":{"desktop":{"background-color":"var(--ast-global-color-5)","background-image":"","background-repeat":"repeat","background-position":"center center","background-size":"auto","background-attachment":"scroll","background-type":"","background-media":"","overlay-type":"","overlay-color":"","overlay-opacity":"","overlay-gradient":""},"tablet":{"background-color":"var(--ast-global-color-5)","background-image":"","background-repeat":"repeat","background-position":"center center","background-size":"auto","background-attachment":"scroll","background-type":"","background-media":"","overlay-type":"","overlay-color":"","overlay-opacity":"","overlay-gradient":""},"mobile":{"background-color":"var(--ast-global-color-5)","background-image":"","background-repeat":"repeat","background-position":"center center","background-size":"auto","background-attachment":"scroll","background-type":"","background-media":"","overlay-type":"","overlay-color":"","overlay-opacity":"","overlay-gradient":""}},"footnotes":""},"class_list":["post-3346","page","type-page","status-publish","hentry"],"rttpg_featured_image_url":null,"rttpg_author":{"display_name":"xdaras","author_link":"https:\/\/www.daras.eu\/asm\/author\/xdaras\/"},"rttpg_comment":0,"rttpg_category":null,"rttpg_excerpt":"&#8211; Le carnet de guerre &#8211; Albert Siffait de Moncourt, en uniforme militaire, engag\u00e9 volontaire \u00e0 55 ans pendant toute la dur\u00e9e de la guerre 14-18 Un engagement imm\u00e9diat au r\u00e9giment du 13\u00e8me Dragon D\u00e8s l&rsquo;annonce de la guerre, (le tocsin sonne dans tous les clochers de France) Albert Siffait de Moncourt part \u00e0 v\u00e9lo\u2026","_links":{"self":[{"href":"https:\/\/www.daras.eu\/asm\/wp-json\/wp\/v2\/pages\/3346","targetHints":{"allow":["GET"]}}],"collection":[{"href":"https:\/\/www.daras.eu\/asm\/wp-json\/wp\/v2\/pages"}],"about":[{"href":"https:\/\/www.daras.eu\/asm\/wp-json\/wp\/v2\/types\/page"}],"author":[{"embeddable":true,"href":"https:\/\/www.daras.eu\/asm\/wp-json\/wp\/v2\/users\/1"}],"replies":[{"embeddable":true,"href":"https:\/\/www.daras.eu\/asm\/wp-json\/wp\/v2\/comments?post=3346"}],"version-history":[{"count":254,"href":"https:\/\/www.daras.eu\/asm\/wp-json\/wp\/v2\/pages\/3346\/revisions"}],"predecessor-version":[{"id":8219,"href":"https:\/\/www.daras.eu\/asm\/wp-json\/wp\/v2\/pages\/3346\/revisions\/8219"}],"wp:attachment":[{"href":"https:\/\/www.daras.eu\/asm\/wp-json\/wp\/v2\/media?parent=3346"}],"curies":[{"name":"wp","href":"https:\/\/api.w.org\/{rel}","templated":true}]}}