{"id":3354,"date":"2024-12-24T21:54:07","date_gmt":"2024-12-24T20:54:07","guid":{"rendered":"https:\/\/www.daras.eu\/asm\/?page_id=3354"},"modified":"2025-04-21T21:07:42","modified_gmt":"2025-04-21T19:07:42","slug":"10-contacts","status":"publish","type":"page","link":"https:\/\/www.daras.eu\/asm\/10-contacts\/","title":{"rendered":"10 &#8211; Contacts"},"content":{"rendered":"\t\t<div data-elementor-type=\"wp-page\" data-elementor-id=\"3354\" class=\"elementor elementor-3354\" data-elementor-post-type=\"page\">\n\t\t\t\t<div class=\"elementor-element elementor-element-010848b e-flex e-con-boxed e-con e-parent\" data-id=\"010848b\" data-element_type=\"container\" data-e-type=\"container\">\n\t\t\t\t\t<div class=\"e-con-inner\">\n\t\t\t\t<div class=\"elementor-element elementor-element-7264a30 elementor-widget elementor-widget-text-editor\" data-id=\"7264a30\" data-element_type=\"widget\" data-e-type=\"widget\" data-widget_type=\"text-editor.default\">\n\t\t\t\t<div class=\"elementor-widget-container\">\n\t\t\t\t\t\t\t\t\t<p><span style=\"color: #ffffff;\">&#8211;<\/span><\/p>\t\t\t\t\t\t\t\t<\/div>\n\t\t\t\t<\/div>\n\t\t\t\t<div class=\"elementor-element elementor-element-c4ba49c elementor-widget elementor-widget-text-editor\" data-id=\"c4ba49c\" data-element_type=\"widget\" data-e-type=\"widget\" data-widget_type=\"text-editor.default\">\n\t\t\t\t<div class=\"elementor-widget-container\">\n\t\t\t\t\t\t\t\t\t<p><span style=\"color: #ffffff;\">&#8211;<\/span><\/p><p><span style=\"color: #ffffff;\">&#8211;<\/span><\/p>\t\t\t\t\t\t\t\t<\/div>\n\t\t\t\t<\/div>\n\t\t\t\t\t<\/div>\n\t\t\t\t<\/div>\n\t\t<div class=\"elementor-element elementor-element-af1d67c e-con-full e-flex e-con e-parent\" data-id=\"af1d67c\" data-element_type=\"container\" data-e-type=\"container\">\n\t\t\t\t<div class=\"elementor-element elementor-element-dc7de4c elementor-widget elementor-widget-heading\" data-id=\"dc7de4c\" data-element_type=\"widget\" data-e-type=\"widget\" data-widget_type=\"heading.default\">\n\t\t\t\t<div class=\"elementor-widget-container\">\n\t\t\t\t\t<h5 class=\"elementor-heading-title elementor-size-default\"> Contacts, informations pratiques et mentions l\u00e9gales<\/h5>\t\t\t\t<\/div>\n\t\t\t\t<\/div>\n\t\t\t\t<\/div>\n\t\t<div class=\"elementor-element elementor-element-aa19910 e-flex e-con-boxed e-con e-parent\" data-id=\"aa19910\" data-element_type=\"container\" data-e-type=\"container\">\n\t\t\t\t\t<div class=\"e-con-inner\">\n\t\t\t\t<div class=\"elementor-element elementor-element-943c366 elementor-widget elementor-widget-text-editor\" data-id=\"943c366\" data-element_type=\"widget\" data-e-type=\"widget\" data-widget_type=\"text-editor.default\">\n\t\t\t\t<div class=\"elementor-widget-container\">\n\t\t\t\t\t\t\t\t\t<p><span style=\"color: #ffffff;\">&#8211;<\/span><\/p>\t\t\t\t\t\t\t\t<\/div>\n\t\t\t\t<\/div>\n\t\t\t\t\t<\/div>\n\t\t\t\t<\/div>\n\t\t<div class=\"elementor-element elementor-element-e1b9bca e-con-full e-flex e-con e-parent\" data-id=\"e1b9bca\" data-element_type=\"container\" data-e-type=\"container\">\n\t\t\t\t<div class=\"elementor-element elementor-element-17920cd elementor-widget elementor-widget-text-editor\" data-id=\"17920cd\" data-element_type=\"widget\" data-e-type=\"widget\" data-widget_type=\"text-editor.default\">\n\t\t\t\t<div class=\"elementor-widget-container\">\n\t\t\t\t\t\t\t\t\t<p><strong>\u00a0\u0152uvres visibles dans des lieux publics\u00a0<\/strong><\/p><p><span style=\"font-weight: bold; color: #336666; font-family: Arial, Helvetica, sans-serif; font-size: small; letter-spacing: -0.1px;\"><img decoding=\"async\" src=\"https:\/\/daras.fr\/images_asm_site\/aa_pointeur_rouge.gif\" width=\"7\" height=\"9\" border=\"0\" \/> Ville de RUE : la salle Siffait de Moncourt dans le beffroi: huit toiles maroufl\u00e9es et la chapelle du saint Esprit : trois toiles maroufl\u00e9es\u00a0<\/span><\/p><p><span style=\"color: #336666; font-family: Arial, Helvetica, sans-serif; font-size: small;\"><b><i><img decoding=\"async\" src=\"https:\/\/daras.fr\/images_asm_site\/aa_pointeur_rouge.gif\" width=\"7\" height=\"9\" border=\"0\" \/>\u00a0<\/i>Le Crotoy :<\/b>\u00a0dans l&rsquo;\u00e9glise, une reconstitution historique du port du Crotoy au temps de Jeanne d&rsquo;Arc.<\/span><\/p><p><img decoding=\"async\" src=\"https:\/\/daras.fr\/images_asm_site\/aa_pointeur_rouge.gif\" width=\"7\" height=\"9\" border=\"0\" \/>\u00a0Regni\u00e8re-Ecluse\u00a0:\u00a0dans l&rsquo;\u00e9glise, Saint-Martin\u00a0huile sur toile maroufl\u00e9e sur pierre, 1888<\/p>\t\t\t\t\t\t\t\t<\/div>\n\t\t\t\t<\/div>\n\t\t\t\t<\/div>\n\t\t<div class=\"elementor-element elementor-element-b4e633a e-con-full e-flex e-con e-parent\" data-id=\"b4e633a\" data-element_type=\"container\" data-e-type=\"container\">\n\t\t\t\t<div class=\"elementor-element elementor-element-d22837c elementor-widget elementor-widget-image\" data-id=\"d22837c\" data-element_type=\"widget\" data-e-type=\"widget\" data-widget_type=\"image.default\">\n\t\t\t\t<div class=\"elementor-widget-container\">\n\t\t\t\t\t\t\t\t\t\t\t\t<figure class=\"wp-caption\">\n\t\t\t\t\t\t\t\t\t\t<img fetchpriority=\"high\" decoding=\"async\" width=\"247\" height=\"300\" src=\"https:\/\/www.daras.eu\/wp-content\/uploads\/2025\/03\/asm151g_XD-21-247x300.jpg\" class=\"attachment-medium size-medium wp-image-7595\" alt=\"\" srcset=\"https:\/\/www.daras.eu\/wp-content\/uploads\/2025\/03\/asm151g_XD-21-247x300.jpg 247w, https:\/\/www.daras.eu\/wp-content\/uploads\/2025\/03\/asm151g_XD-21.jpg 591w\" sizes=\"(max-width: 247px) 100vw, 247px\" \/>\t\t\t\t\t\t\t\t\t\t\t<figcaption class=\"widget-image-caption wp-caption-text\">Saint Martin partageant son manteau avec un mendiant, toile maroufl\u00e9e et Int\u00e9gr\u00e9e au d\u00e9cor. Eglise de R\u00e9gni\u00e8re Ecluse. R\u00e9f. cat. ASM151.<\/figcaption>\n\t\t\t\t\t\t\t\t\t\t<\/figure>\n\t\t\t\t\t\t\t\t\t<\/div>\n\t\t\t\t<\/div>\n\t\t\t\t<\/div>\n\t\t<div class=\"elementor-element elementor-element-3f1f70f e-con-full e-flex e-con e-parent\" data-id=\"3f1f70f\" data-element_type=\"container\" data-e-type=\"container\">\n\t\t\t\t<div class=\"elementor-element elementor-element-b9bc484 elementor-widget elementor-widget-text-editor\" data-id=\"b9bc484\" data-element_type=\"widget\" data-e-type=\"widget\" data-widget_type=\"text-editor.default\">\n\t\t\t\t<div class=\"elementor-widget-container\">\n\t\t\t\t\t\t\t\t\t<p><span style=\"font-family: Arial, Helvetica, sans-serif; font-size: small;\"><img decoding=\"async\" src=\"https:\/\/daras.fr\/images_asm_site\/aa_pointeur_rouge.gif\" width=\"7\" height=\"9\" border=\"0\" \/>\u00a0Favi\u00e8res :\u00a0Eglise Saint Corneille, peinture des saints Firmin et Corneille au dessus desquels est esquiss\u00e9e une vue de la ville d&rsquo;Amiens (reconstitution historique)<\/span><\/p><p><span style=\"font-family: Arial, Helvetica, sans-serif; font-size: small;\"><img decoding=\"async\" src=\"https:\/\/daras.fr\/images_asm_site\/aa_pointeur_rouge.gif\" width=\"7\" height=\"9\" border=\"0\" \/>\u00a0Eglise de\u00a0<a href=\"http:\/\/www.blonville.org\/\">Blonville<\/a>\u00a0sur mer (Calvados) :\u00a0Une toile derri\u00e8re l&rsquo;autel repr\u00e9sente une sc\u00e8ne de la Visitation. NB : Son fr\u00e8re sculpteur Henry Siffait de Moncourt habitait dans le pays d&rsquo;Auge et a \u00e9t\u00e9 maire de Blonville.<\/span><\/p><hr \/><p><strong>Informations pratiques pour venir \u00e0 Rue <\/strong>(\u00e0 200 km de Paris par l&rsquo;autoroute A16)<\/p><p><a href=\"https:\/\/www.villederue.fr\/culture-et-patrimoine\/bureau-dinformation-touristique\/\"><span style=\"color: #000000;\">Le <span style=\"text-decoration: underline;\">Bureau<\/span><\/span><\/a><span style=\"text-decoration: underline;\"> d&rsquo;information\u00a0 Touristique<\/span> de la ville de Rue est tout proche du <strong>beffroi et de la chapelle du Saint Esprit.\u00a0<\/strong><span style=\"font-style: inherit; font-weight: inherit; text-align: var(--text-align); background-color: var(--ast-global-color-5); color: var(--ast-global-color-7); letter-spacing: -0.1px;\">Virginie et Robin, vos conseillers en s\u00e9jour ou une visite vous accueillent du\u00a0<\/span><strong style=\"font-style: inherit; text-align: var(--text-align); background-color: var(--ast-global-color-5); color: var(--ast-global-color-7); letter-spacing: -0.1px;\">mardi au samedi <\/strong><strong style=\"font-style: inherit; text-align: var(--text-align); background-color: var(--ast-global-color-5); color: var(--ast-global-color-7); letter-spacing: -0.1px;\">de 9h30 \u00e0 12h30 et de 14h \u00e0 17h <\/strong>10, place Anatole Gosselin<br \/>80120 RUE<br \/>Email : servicedupatrimoine.rue@gmail.com<br \/>T\u00e9l : 03 22 25 69 94<br \/><strong style=\"font-style: inherit; text-align: var(--text-align); color: var(--ast-global-color-7); letter-spacing: -0.1px; background-color: var(--ast-global-color-5);\"><br \/>A partir de Rue, en voiture, vous \u00eates tr\u00e8s proche de :<\/strong><\/p><ul><li>Du <a style=\"font-style: inherit; font-weight: inherit; text-align: var(--text-align); letter-spacing: -0.1px;\" href=\"https:\/\/www.parcdumarquenterre.fr\/\">Parc du Marquenterre<\/a><span style=\"font-style: inherit; font-weight: inherit; text-align: var(--text-align); background-color: var(--ast-global-color-5); color: var(--ast-global-color-7); letter-spacing: -0.1px;\"> &#8211;&gt; 12mn\u00a0 7,8km<\/span><\/li><li>De l&rsquo;<a style=\"font-style: inherit; font-weight: inherit; text-align: var(--text-align); letter-spacing: -0.1px;\" href=\"https:\/\/www.henson.fr\/les-espaces-equestres\/haras-henson-rue\/\"><span style=\"text-decoration-line: underline;\">Espace \u00e9questre haras Henson<\/span><\/a><span style=\"font-style: inherit; font-weight: inherit; text-align: var(--text-align); background-color: var(--ast-global-color-5); color: var(--ast-global-color-7); letter-spacing: -0.1px;\">&#8211;&gt; 3mn 1,8km<\/span><\/li><li><a href=\"https:\/\/villeducrotoy.fr\/\">Du Crotoy<\/a> <span style=\"font-style: inherit; font-weight: inherit; text-align: var(--text-align); background-color: var(--ast-global-color-5); color: var(--ast-global-color-7); letter-spacing: -0.1px;\">(port de la Baie de Somme)&#8211;&gt; 10mn, 9,1km)<\/span><\/li><li>Des plages de Quend Plage &#8211;&gt; 8mn 7,9km et Fort-Mahon Plage <a href=\"https:\/\/www.daras.eu\/asm\/brouillon-5066\/\">&#8212;<\/a>&gt; 12mn 11,8km<\/li><\/ul><hr \/><p><strong>Pour le restauration des peintures<\/strong>, voici des contacts ayant travaill\u00e9 sur des peintures d&rsquo;Albert Siffait de Moncourt :<\/p><ul><li style=\"list-style-type: none;\"><ul><li>des \u0153uvres monumentales : Mme <span style=\"text-decoration: underline;\"><a href=\"https:\/\/actu.fr\/hauts-de-france\/rue_80688\/huit-grandes-toiles-a-re-decouvrir-a-rue_59206173.html\">Isabelle Auclair<\/a><\/span><\/li><li>des toiles et des tableaux en fibrociment : <span style=\"text-decoration: underline;\"><a href=\"http:\/\/atpformation.com\">ATP Formation<\/a><\/span> et M. Bertrand Brunelli Conservateur \/ restaurateur de tableaux et objets peints. <span style=\"text-decoration: underline;\"><a href=\"http:\/\/atelierbelair.fr\">atelierbelair.fr<\/a><\/span>\u00a0 06 14 62 22 02<\/li><\/ul><\/li><\/ul><hr \/><p>Site r\u00e9alis\u00e9 avec de concours de <span style=\"text-decoration: underline;\"><strong><a href=\"https:\/\/www.kaellyana.com\/\">kaellyana.com<\/a><\/strong><\/span><\/p><hr \/><hr \/><p><strong>Contact\u00a0 :<br \/><\/strong>xavier.daras@gmail.com<\/p><hr \/><p><strong>Mentions l\u00e9gales<br \/><\/strong><\/p><p>H\u00e9bergement :Gandi SAS<br \/>63, 65 Boulevard Massena 75013 Paris France<br \/>Tel : +33170377661<\/p><hr \/><p><em>Copyright \u00a9 2025 Daras, Tous droits r\u00e9serv\u00e9s<\/em><\/p><hr \/>\t\t\t\t\t\t\t\t<\/div>\n\t\t\t\t<\/div>\n\t\t\t\t<\/div>\n\t\t<div class=\"elementor-element elementor-element-db98513 e-grid e-con-full e-con e-child\" data-id=\"db98513\" data-element_type=\"container\" data-e-type=\"container\">\n\t\t\t\t<div class=\"elementor-element elementor-element-2bff340 elementor-position-top elementor-widget elementor-widget-image-box\" data-id=\"2bff340\" data-element_type=\"widget\" data-e-type=\"widget\" data-widget_type=\"image-box.default\">\n\t\t\t\t<div class=\"elementor-widget-container\">\n\t\t\t\t\t<div class=\"elementor-image-box-wrapper\"><figure class=\"elementor-image-box-img\"><a href=\"https:\/\/www.daras.eu\/asm\/9-documentation-sources-recherches\/\" tabindex=\"-1\"><img decoding=\"async\" width=\"31\" height=\"27\" src=\"https:\/\/www.daras.eu\/wp-content\/uploads\/2025\/02\/Gauche.jpg\" class=\"attachment-thumbnail size-thumbnail wp-image-6125\" alt=\"\" \/><\/a><\/figure><div class=\"elementor-image-box-content\"><h3 class=\"elementor-image-box-title\"><a href=\"https:\/\/www.daras.eu\/asm\/9-documentation-sources-recherches\/\">PRECEDENT<\/a><\/h3><p class=\"elementor-image-box-description\">Documentation, sources, recherches<\/p><\/div><\/div>\t\t\t\t<\/div>\n\t\t\t\t<\/div>\n\t\t\t\t<div class=\"elementor-element elementor-element-c538226 elementor-position-top elementor-widget elementor-widget-image-box\" data-id=\"c538226\" data-element_type=\"widget\" data-e-type=\"widget\" data-widget_type=\"image-box.default\">\n\t\t\t\t<div class=\"elementor-widget-container\">\n\t\t\t\t\t<div class=\"elementor-image-box-wrapper\"><figure class=\"elementor-image-box-img\"><a href=\"https:\/\/www.daras.eu\/asm\/\" tabindex=\"-1\"><img loading=\"lazy\" decoding=\"async\" width=\"34\" height=\"25\" src=\"https:\/\/www.daras.eu\/wp-content\/uploads\/2025\/02\/droite.jpg\" class=\"attachment-thumbnail size-thumbnail wp-image-6124\" alt=\"\" \/><\/a><\/figure><div class=\"elementor-image-box-content\"><h3 class=\"elementor-image-box-title\"><a href=\"https:\/\/www.daras.eu\/asm\/\">SUIVANT<\/a><\/h3><p class=\"elementor-image-box-description\">Retour vers la page d'accueil<\/p><\/div><\/div>\t\t\t\t<\/div>\n\t\t\t\t<\/div>\n\t\t\t\t<\/div>\n\t\t\t\t<\/div>\n\t\t","protected":false},"excerpt":{"rendered":"<p>&#8211; &#8211; &#8211; Contacts, informations pratiques et mentions l\u00e9gales &#8211; \u00a0\u0152uvres visibles dans des lieux publics\u00a0 Ville de RUE : la salle Siffait de Moncourt dans le beffroi: huit toiles maroufl\u00e9es et la chapelle du saint Esprit : trois toiles maroufl\u00e9es\u00a0 \u00a0Le Crotoy :\u00a0dans l&rsquo;\u00e9glise, une reconstitution historique du port du Crotoy au temps de [&hellip;]<\/p>\n","protected":false},"author":1,"featured_media":0,"parent":0,"menu_order":0,"comment_status":"closed","ping_status":"closed","template":"","meta":{"site-sidebar-layout":"no-sidebar","site-content-layout":"page-builder","ast-site-content-layout":"full-width-container","site-content-style":"default","site-sidebar-style":"default","ast-global-header-display":"","ast-banner-title-visibility":"","ast-main-header-display":"","ast-hfb-above-header-display":"","ast-hfb-below-header-display":"","ast-hfb-mobile-header-display":"","site-post-title":"disabled","ast-breadcrumbs-content":"","ast-featured-img":"disabled","footer-sml-layout":"","ast-disable-related-posts":"","theme-transparent-header-meta":"","adv-header-id-meta":"","stick-header-meta":"","header-above-stick-meta":"","header-main-stick-meta":"","header-below-stick-meta":"","astra-migrate-meta-layouts":"set","ast-page-background-enabled":"default","ast-page-background-meta":{"desktop":{"background-color":"var(--ast-global-color-4)","background-image":"","background-repeat":"repeat","background-position":"center center","background-size":"auto","background-attachment":"scroll","background-type":"","background-media":"","overlay-type":"","overlay-color":"","overlay-opacity":"","overlay-gradient":""},"tablet":{"background-color":"","background-image":"","background-repeat":"repeat","background-position":"center center","background-size":"auto","background-attachment":"scroll","background-type":"","background-media":"","overlay-type":"","overlay-color":"","overlay-opacity":"","overlay-gradient":""},"mobile":{"background-color":"","background-image":"","background-repeat":"repeat","background-position":"center center","background-size":"auto","background-attachment":"scroll","background-type":"","background-media":"","overlay-type":"","overlay-color":"","overlay-opacity":"","overlay-gradient":""}},"ast-content-background-meta":{"desktop":{"background-color":"var(--ast-global-color-5)","background-image":"","background-repeat":"repeat","background-position":"center center","background-size":"auto","background-attachment":"scroll","background-type":"","background-media":"","overlay-type":"","overlay-color":"","overlay-opacity":"","overlay-gradient":""},"tablet":{"background-color":"var(--ast-global-color-5)","background-image":"","background-repeat":"repeat","background-position":"center center","background-size":"auto","background-attachment":"scroll","background-type":"","background-media":"","overlay-type":"","overlay-color":"","overlay-opacity":"","overlay-gradient":""},"mobile":{"background-color":"var(--ast-global-color-5)","background-image":"","background-repeat":"repeat","background-position":"center center","background-size":"auto","background-attachment":"scroll","background-type":"","background-media":"","overlay-type":"","overlay-color":"","overlay-opacity":"","overlay-gradient":""}},"footnotes":""},"class_list":["post-3354","page","type-page","status-publish","hentry"],"rttpg_featured_image_url":null,"rttpg_author":{"display_name":"xdaras","author_link":"https:\/\/www.daras.eu\/asm\/author\/xdaras\/"},"rttpg_comment":0,"rttpg_category":null,"rttpg_excerpt":"&#8211; &#8211; &#8211; Contacts, informations pratiques et mentions l\u00e9gales &#8211; \u00a0\u0152uvres visibles dans des lieux publics\u00a0 Ville de RUE : la salle Siffait de Moncourt dans le beffroi: huit toiles maroufl\u00e9es et la chapelle du saint Esprit : trois toiles maroufl\u00e9es\u00a0 \u00a0Le Crotoy :\u00a0dans l&rsquo;\u00e9glise, une reconstitution historique du port du Crotoy au temps de\u2026","_links":{"self":[{"href":"https:\/\/www.daras.eu\/asm\/wp-json\/wp\/v2\/pages\/3354","targetHints":{"allow":["GET"]}}],"collection":[{"href":"https:\/\/www.daras.eu\/asm\/wp-json\/wp\/v2\/pages"}],"about":[{"href":"https:\/\/www.daras.eu\/asm\/wp-json\/wp\/v2\/types\/page"}],"author":[{"embeddable":true,"href":"https:\/\/www.daras.eu\/asm\/wp-json\/wp\/v2\/users\/1"}],"replies":[{"embeddable":true,"href":"https:\/\/www.daras.eu\/asm\/wp-json\/wp\/v2\/comments?post=3354"}],"version-history":[{"count":266,"href":"https:\/\/www.daras.eu\/asm\/wp-json\/wp\/v2\/pages\/3354\/revisions"}],"predecessor-version":[{"id":8655,"href":"https:\/\/www.daras.eu\/asm\/wp-json\/wp\/v2\/pages\/3354\/revisions\/8655"}],"wp:attachment":[{"href":"https:\/\/www.daras.eu\/asm\/wp-json\/wp\/v2\/media?parent=3354"}],"curies":[{"name":"wp","href":"https:\/\/api.w.org\/{rel}","templated":true}]}}