{"id":3361,"date":"2024-12-24T22:25:31","date_gmt":"2024-12-24T21:25:31","guid":{"rendered":"https:\/\/www.daras.eu\/asm\/?page_id=3361"},"modified":"2025-04-12T19:49:42","modified_gmt":"2025-04-12T17:49:42","slug":"6-les-expositions","status":"publish","type":"page","link":"https:\/\/www.daras.eu\/asm\/6-les-expositions\/","title":{"rendered":"5 &#8211; Peintures de la campagne et des villages"},"content":{"rendered":"\t\t<div data-elementor-type=\"wp-page\" data-elementor-id=\"3361\" class=\"elementor elementor-3361\" data-elementor-post-type=\"page\">\n\t\t\t\t<div class=\"elementor-element elementor-element-fe1bea6 e-con-full e-flex e-con e-parent\" data-id=\"fe1bea6\" data-element_type=\"container\" data-e-type=\"container\">\n\t\t\t\t<div class=\"elementor-element elementor-element-826e464 elementor-widget elementor-widget-text-editor\" data-id=\"826e464\" data-element_type=\"widget\" data-e-type=\"widget\" data-widget_type=\"text-editor.default\">\n\t\t\t\t<div class=\"elementor-widget-container\">\n\t\t\t\t\t\t\t\t\t<p><span style=\"color: #ffffff;\">&#8211;<\/span>\u00a0<\/p><p>\u00a0<\/p>\t\t\t\t\t\t\t\t<\/div>\n\t\t\t\t<\/div>\n\t\t\t\t<\/div>\n\t\t<div class=\"elementor-element elementor-element-c4efb6f e-con-full e-flex e-con e-parent\" data-id=\"c4efb6f\" data-element_type=\"container\" data-e-type=\"container\">\n\t\t\t\t<div class=\"elementor-element elementor-element-402736c elementor-widget elementor-widget-heading\" data-id=\"402736c\" data-element_type=\"widget\" data-e-type=\"widget\" data-widget_type=\"heading.default\">\n\t\t\t\t<div class=\"elementor-widget-container\">\n\t\t\t\t\t<h5 class=\"elementor-heading-title elementor-size-default\">Peintures de la campagne et des villages<\/h5>\t\t\t\t<\/div>\n\t\t\t\t<\/div>\n\t\t\t\t<\/div>\n\t\t<div class=\"elementor-element elementor-element-735b625 e-con-full e-flex e-con e-parent\" data-id=\"735b625\" data-element_type=\"container\" data-e-type=\"container\">\n\t\t\t\t<div class=\"elementor-element elementor-element-62f672a elementor-widget__width-initial elementor-widget elementor-widget-text-editor\" data-id=\"62f672a\" data-element_type=\"widget\" data-e-type=\"widget\" data-widget_type=\"text-editor.default\">\n\t\t\t\t<div class=\"elementor-widget-container\">\n\t\t\t\t\t\t\t\t\t<p>Albert Siffait de Moncourt \u00ab\u00a0aime les froids cr\u00e9puscules et tout aussi bien les matinales et discr\u00e8tes lumi\u00e8res.<strong> Quoi d\u2019\u00e9tonnant si sa peinture fuit les violences ? Quoi d\u2019\u00e9tonnant si, naturaliste, elle baigne dans le myst\u00e8re et la po\u00e9sie m\u00eames de ce sol ?\u00a0\u00bb<\/strong><br \/><em>XVII\u00e8me Exposition des Rosati Picards, 5-15 mars 1925 \u00e0 Amiens. Maurice Farcy<\/em><\/p>\t\t\t\t\t\t\t\t<\/div>\n\t\t\t\t<\/div>\n\t\t\t\t<\/div>\n\t\t<div class=\"elementor-element elementor-element-ccb38be e-con-full e-flex e-con e-parent\" data-id=\"ccb38be\" data-element_type=\"container\" data-e-type=\"container\">\n\t\t<div class=\"elementor-element elementor-element-5f63423 e-con-full e-flex e-con e-child\" data-id=\"5f63423\" data-element_type=\"container\" data-e-type=\"container\">\n\t\t\t\t<div class=\"elementor-element elementor-element-8c00a85 elementor-widget elementor-widget-image\" data-id=\"8c00a85\" data-element_type=\"widget\" data-e-type=\"widget\" data-widget_type=\"image.default\">\n\t\t\t\t<div class=\"elementor-widget-container\">\n\t\t\t\t\t\t\t\t\t\t\t\t<figure class=\"wp-caption\">\n\t\t\t\t\t\t\t\t\t\t<img fetchpriority=\"high\" decoding=\"async\" width=\"1024\" height=\"788\" src=\"https:\/\/www.daras.eu\/wp-content\/uploads\/2025\/01\/asm043p_marronnier-1024x788.jpg\" class=\"attachment-large size-large wp-image-4168\" alt=\"\" srcset=\"https:\/\/www.daras.eu\/wp-content\/uploads\/2025\/01\/asm043p_marronnier-1024x788.jpg 1024w, https:\/\/www.daras.eu\/wp-content\/uploads\/2025\/01\/asm043p_marronnier-300x231.jpg 300w, https:\/\/www.daras.eu\/wp-content\/uploads\/2025\/01\/asm043p_marronnier-768x591.jpg 768w, https:\/\/www.daras.eu\/wp-content\/uploads\/2025\/01\/asm043p_marronnier-1536x1182.jpg 1536w, https:\/\/www.daras.eu\/wp-content\/uploads\/2025\/01\/asm043p_marronnier.jpg 1611w\" sizes=\"(max-width: 1024px) 100vw, 1024px\" \/>\t\t\t\t\t\t\t\t\t\t\t<figcaption class=\"widget-image-caption wp-caption-text\">Coin de rue avec marronniers en automne, huile sur toile. sign\u00e9 A de Moncourt. R\u00e9f\u00e9rence catalogue : ASM043 Coll. Part. <\/figcaption>\n\t\t\t\t\t\t\t\t\t\t<\/figure>\n\t\t\t\t\t\t\t\t\t<\/div>\n\t\t\t\t<\/div>\n\t\t\t\t<\/div>\n\t\t<div class=\"elementor-element elementor-element-b0ecc5f e-con-full e-flex e-con e-child\" data-id=\"b0ecc5f\" data-element_type=\"container\" data-e-type=\"container\">\n\t\t\t\t<div class=\"elementor-element elementor-element-53c0a8d elementor-widget elementor-widget-image\" data-id=\"53c0a8d\" data-element_type=\"widget\" data-e-type=\"widget\" data-widget_type=\"image.default\">\n\t\t\t\t<div class=\"elementor-widget-container\">\n\t\t\t\t\t\t\t\t\t\t\t\t<figure class=\"wp-caption\">\n\t\t\t\t\t\t\t\t\t\t<img decoding=\"async\" width=\"902\" height=\"1024\" src=\"https:\/\/www.daras.eu\/wp-content\/uploads\/2024\/11\/asm018p_moulin_seul_sans_numero-902x1024.jpg\" class=\"attachment-large size-large wp-image-2766\" alt=\"\" srcset=\"https:\/\/www.daras.eu\/wp-content\/uploads\/2024\/11\/asm018p_moulin_seul_sans_numero-902x1024.jpg 902w, https:\/\/www.daras.eu\/wp-content\/uploads\/2024\/11\/asm018p_moulin_seul_sans_numero-264x300.jpg 264w, https:\/\/www.daras.eu\/wp-content\/uploads\/2024\/11\/asm018p_moulin_seul_sans_numero-768x872.jpg 768w, https:\/\/www.daras.eu\/wp-content\/uploads\/2024\/11\/asm018p_moulin_seul_sans_numero.jpg 1281w\" sizes=\"(max-width: 902px) 100vw, 902px\" \/>\t\t\t\t\t\t\t\t\t\t\t<figcaption class=\"widget-image-caption wp-caption-text\">Moulin \u00e0 vent \u00e0 Quend R\u00e9f. Cat. ASM018, Coll. Part.<\/figcaption>\n\t\t\t\t\t\t\t\t\t\t<\/figure>\n\t\t\t\t\t\t\t\t\t<\/div>\n\t\t\t\t<\/div>\n\t\t\t\t<\/div>\n\t\t\t\t<\/div>\n\t\t<div class=\"elementor-element elementor-element-a6543ff e-con-full e-flex e-con e-parent\" data-id=\"a6543ff\" data-element_type=\"container\" data-e-type=\"container\">\n\t\t<div class=\"elementor-element elementor-element-256f5ea e-con-full e-flex e-con e-child\" data-id=\"256f5ea\" data-element_type=\"container\" data-e-type=\"container\">\n\t\t\t\t<div class=\"elementor-element elementor-element-22efdcd elementor-widget elementor-widget-image\" data-id=\"22efdcd\" data-element_type=\"widget\" data-e-type=\"widget\" data-widget_type=\"image.default\">\n\t\t\t\t<div class=\"elementor-widget-container\">\n\t\t\t\t\t\t\t\t\t\t\t\t<figure class=\"wp-caption\">\n\t\t\t\t\t\t\t\t\t\t<img decoding=\"async\" width=\"540\" height=\"443\" src=\"https:\/\/www.daras.eu\/wp-content\/uploads\/2025\/01\/asm037p_XD-47.jpg\" class=\"attachment-large size-large wp-image-4151\" alt=\"\" srcset=\"https:\/\/www.daras.eu\/wp-content\/uploads\/2025\/01\/asm037p_XD-47.jpg 540w, https:\/\/www.daras.eu\/wp-content\/uploads\/2025\/01\/asm037p_XD-47-300x246.jpg 300w\" sizes=\"(max-width: 540px) 100vw, 540px\" \/>\t\t\t\t\t\t\t\t\t\t\t<figcaption class=\"widget-image-caption wp-caption-text\">Hameau de Larronville (commune de Rue). R\u00e9f. catalogue ASM037<\/figcaption>\n\t\t\t\t\t\t\t\t\t\t<\/figure>\n\t\t\t\t\t\t\t\t\t<\/div>\n\t\t\t\t<\/div>\n\t\t\t\t<\/div>\n\t\t<div class=\"elementor-element elementor-element-6c502fd e-con-full e-flex e-con e-child\" data-id=\"6c502fd\" data-element_type=\"container\" data-e-type=\"container\">\n\t\t\t\t<div class=\"elementor-element elementor-element-2c23955 e-transform e-transform e-transform e-transform e-transform elementor-widget elementor-widget-image\" data-id=\"2c23955\" data-element_type=\"widget\" data-e-type=\"widget\" data-settings=\"{&quot;_transform_rotateZ_effect&quot;:{&quot;unit&quot;:&quot;px&quot;,&quot;size&quot;:-360,&quot;sizes&quot;:[]},&quot;_transform_flipX_effect&quot;:&quot;transform&quot;,&quot;_transform_rotateZ_effect_tablet&quot;:{&quot;unit&quot;:&quot;deg&quot;,&quot;size&quot;:&quot;&quot;,&quot;sizes&quot;:[]},&quot;_transform_rotateZ_effect_mobile&quot;:{&quot;unit&quot;:&quot;deg&quot;,&quot;size&quot;:&quot;&quot;,&quot;sizes&quot;:[]},&quot;_transform_translateX_effect&quot;:{&quot;unit&quot;:&quot;px&quot;,&quot;size&quot;:&quot;&quot;,&quot;sizes&quot;:[]},&quot;_transform_translateX_effect_tablet&quot;:{&quot;unit&quot;:&quot;px&quot;,&quot;size&quot;:&quot;&quot;,&quot;sizes&quot;:[]},&quot;_transform_translateX_effect_mobile&quot;:{&quot;unit&quot;:&quot;px&quot;,&quot;size&quot;:&quot;&quot;,&quot;sizes&quot;:[]},&quot;_transform_translateY_effect&quot;:{&quot;unit&quot;:&quot;px&quot;,&quot;size&quot;:&quot;&quot;,&quot;sizes&quot;:[]},&quot;_transform_translateY_effect_tablet&quot;:{&quot;unit&quot;:&quot;px&quot;,&quot;size&quot;:&quot;&quot;,&quot;sizes&quot;:[]},&quot;_transform_translateY_effect_mobile&quot;:{&quot;unit&quot;:&quot;px&quot;,&quot;size&quot;:&quot;&quot;,&quot;sizes&quot;:[]},&quot;_transform_scale_effect&quot;:{&quot;unit&quot;:&quot;px&quot;,&quot;size&quot;:&quot;&quot;,&quot;sizes&quot;:[]},&quot;_transform_scale_effect_tablet&quot;:{&quot;unit&quot;:&quot;px&quot;,&quot;size&quot;:&quot;&quot;,&quot;sizes&quot;:[]},&quot;_transform_scale_effect_mobile&quot;:{&quot;unit&quot;:&quot;px&quot;,&quot;size&quot;:&quot;&quot;,&quot;sizes&quot;:[]},&quot;_transform_skewX_effect&quot;:{&quot;unit&quot;:&quot;px&quot;,&quot;size&quot;:&quot;&quot;,&quot;sizes&quot;:[]},&quot;_transform_skewX_effect_tablet&quot;:{&quot;unit&quot;:&quot;deg&quot;,&quot;size&quot;:&quot;&quot;,&quot;sizes&quot;:[]},&quot;_transform_skewX_effect_mobile&quot;:{&quot;unit&quot;:&quot;deg&quot;,&quot;size&quot;:&quot;&quot;,&quot;sizes&quot;:[]},&quot;_transform_skewY_effect&quot;:{&quot;unit&quot;:&quot;px&quot;,&quot;size&quot;:&quot;&quot;,&quot;sizes&quot;:[]},&quot;_transform_skewY_effect_tablet&quot;:{&quot;unit&quot;:&quot;deg&quot;,&quot;size&quot;:&quot;&quot;,&quot;sizes&quot;:[]},&quot;_transform_skewY_effect_mobile&quot;:{&quot;unit&quot;:&quot;deg&quot;,&quot;size&quot;:&quot;&quot;,&quot;sizes&quot;:[]}}\" data-widget_type=\"image.default\">\n\t\t\t\t<div class=\"elementor-widget-container\">\n\t\t\t\t\t\t\t\t\t\t\t\t<figure class=\"wp-caption\">\n\t\t\t\t\t\t\t\t\t\t<img loading=\"lazy\" decoding=\"async\" width=\"591\" height=\"558\" src=\"https:\/\/www.daras.eu\/wp-content\/uploads\/2024\/11\/asm256p_moyette_XD-17.jpg\" class=\"attachment-large size-large wp-image-2772\" alt=\"\" srcset=\"https:\/\/www.daras.eu\/wp-content\/uploads\/2024\/11\/asm256p_moyette_XD-17.jpg 591w, https:\/\/www.daras.eu\/wp-content\/uploads\/2024\/11\/asm256p_moyette_XD-17-300x283.jpg 300w\" sizes=\"(max-width: 591px) 100vw, 591px\" \/>\t\t\t\t\t\t\t\t\t\t\t<figcaption class=\"widget-image-caption wp-caption-text\">D\u00e9but de la moisson. R\u00e9f. catalogue ASM017<\/figcaption>\n\t\t\t\t\t\t\t\t\t\t<\/figure>\n\t\t\t\t\t\t\t\t\t<\/div>\n\t\t\t\t<\/div>\n\t\t\t\t<\/div>\n\t\t\t\t<\/div>\n\t\t<div class=\"elementor-element elementor-element-3e3c55f e-con-full e-flex e-con e-parent\" data-id=\"3e3c55f\" data-element_type=\"container\" data-e-type=\"container\">\n\t\t\t\t<div class=\"elementor-element elementor-element-7e40b32 elementor-widget elementor-widget-text-editor\" data-id=\"7e40b32\" data-element_type=\"widget\" data-e-type=\"widget\" data-widget_type=\"text-editor.default\">\n\t\t\t\t<div class=\"elementor-widget-container\">\n\t\t\t\t\t\t\t\t\t<p><span style=\"color: #ffffff;\">&#8211;<\/span><\/p>\t\t\t\t\t\t\t\t<\/div>\n\t\t\t\t<\/div>\n\t\t\t\t<\/div>\n\t\t<div class=\"elementor-element elementor-element-af000e9 e-flex e-con-boxed e-con e-parent\" data-id=\"af000e9\" data-element_type=\"container\" data-e-type=\"container\">\n\t\t\t\t\t<div class=\"e-con-inner\">\n\t\t\t\t<div class=\"elementor-element elementor-element-a1f999a elementor-widget-divider--view-line elementor-widget elementor-widget-divider\" data-id=\"a1f999a\" data-element_type=\"widget\" data-e-type=\"widget\" data-widget_type=\"divider.default\">\n\t\t\t\t<div class=\"elementor-widget-container\">\n\t\t\t\t\t\t\t<div class=\"elementor-divider\">\n\t\t\t<span class=\"elementor-divider-separator\">\n\t\t\t\t\t\t<\/span>\n\t\t<\/div>\n\t\t\t\t\t\t<\/div>\n\t\t\t\t<\/div>\n\t\t\t\t\t<\/div>\n\t\t\t\t<\/div>\n\t\t<div class=\"elementor-element elementor-element-95f5571 e-con-full e-flex e-con e-parent\" data-id=\"95f5571\" data-element_type=\"container\" data-e-type=\"container\">\n\t\t\t\t<div class=\"elementor-element elementor-element-a41bc9a elementor-widget elementor-widget-text-editor\" data-id=\"a41bc9a\" data-element_type=\"widget\" data-e-type=\"widget\" data-widget_type=\"text-editor.default\">\n\t\t\t\t<div class=\"elementor-widget-container\">\n\t\t\t\t\t\t\t\t\t<p style=\"text-align: center;\"><span style=\"color: #008000;\"><strong>Pourquoi l&rsquo;automne est sa saison pr\u00e9f\u00e9r\u00e9e ?<\/strong><\/span><\/p><p>\u00a0<\/p>\t\t\t\t\t\t\t\t<\/div>\n\t\t\t\t<\/div>\n\t\t\t\t<\/div>\n\t\t<div class=\"elementor-element elementor-element-fb5e77e e-con-full e-flex e-con e-parent\" data-id=\"fb5e77e\" data-element_type=\"container\" data-e-type=\"container\">\n\t\t\t\t<div class=\"elementor-element elementor-element-f3c75d5 elementor-blockquote--skin-boxed elementor-widget elementor-widget-blockquote\" data-id=\"f3c75d5\" data-element_type=\"widget\" data-e-type=\"widget\" data-widget_type=\"blockquote.default\">\n\t\t\t\t<div class=\"elementor-widget-container\">\n\t\t\t\t\t\t\t<blockquote class=\"elementor-blockquote\">\n\t\t\t<p class=\"elementor-blockquote__content\">\n\t\t\t\t\"Il lui faut la m\u00e9lancolie de l'automne, cette saison qu'il a comprise et aim\u00e9e plus que les autres, pour rendre la m\u00e9lancolie d'un vieux ch\u00e2teau, dont la grille reste close, comme dans le tableau qu'il exposait en 1913, sous le titre : Grille de parc; ah ! comme il a su rendre expressive cette grille ferm\u00e9e ! La m\u00eame ann\u00e9e, il nous faisait m\u00e9diter devant une rue de province, une de ces rues o\u00f9 l'herbe pousse entre les pav\u00e9s. Comme elle est bien silencieuse cette rue ou presque personne ne passe, cette rue ensommeill\u00e9e, ou le pinceau de l'artiste est all\u00e9 chercher je ne sais quel r\u00eave. Sommeil de l'automne; sommeil profond, de l'hiver; places exigu\u00ebs o\u00f9 la chute d'une feuille morte est un bruit; escalier, dont les marches us\u00e9es font penser que ceux qui l'ont mont\u00e9 n'y repasseront jamais; lumi\u00e8re discr\u00e8te, tamis\u00e9e par le brouillard, \u00e9clairant un canal au cours alangui; maisons basses qui se mirent dans les flaques d'eau, que la pluie a oubli\u00e9es au creux des orni\u00e8res ; bornes de pierre r\u00e9unies par une cha\u00eene de fer, que la rouille d\u00e9vore; arbres rabougris courbes par l'effort du vent de mer; voil\u00e0 toutes les expressions par lesquelles s'est traduit le talent plein d'une po\u00e9sie nostalgique et prenante de cet artiste si d\u00e9licat que fut Albert de Moncourt.\"\n\t\t\t<\/p>\n\t\t\t\t\t\t\t<div class=\"e-q-footer\">\n\t\t\t\t\t\t\t\t\t\t\t<cite class=\"elementor-blockquote__author\">Artistes de notre temps, Emile Langlade, 1933<\/cite>\n\t\t\t\t\t\t\t\t\t\t\t\t\t\t<\/div>\n\t\t\t\t\t<\/blockquote>\n\t\t\t\t\t\t<\/div>\n\t\t\t\t<\/div>\n\t\t\t\t<\/div>\n\t\t<div class=\"elementor-element elementor-element-0b6fdb1 e-flex e-con-boxed e-con e-parent\" data-id=\"0b6fdb1\" data-element_type=\"container\" data-e-type=\"container\">\n\t\t\t\t\t<div class=\"e-con-inner\">\n\t\t\t\t<div class=\"elementor-element elementor-element-9e8f27c elementor-widget-divider--view-line elementor-widget elementor-widget-divider\" data-id=\"9e8f27c\" data-element_type=\"widget\" data-e-type=\"widget\" data-widget_type=\"divider.default\">\n\t\t\t\t<div class=\"elementor-widget-container\">\n\t\t\t\t\t\t\t<div class=\"elementor-divider\">\n\t\t\t<span class=\"elementor-divider-separator\">\n\t\t\t\t\t\t<\/span>\n\t\t<\/div>\n\t\t\t\t\t\t<\/div>\n\t\t\t\t<\/div>\n\t\t\t\t\t<\/div>\n\t\t\t\t<\/div>\n\t\t<div class=\"elementor-element elementor-element-c5f7d31 e-grid e-con-full e-con e-child\" data-id=\"c5f7d31\" data-element_type=\"container\" data-e-type=\"container\">\n\t\t\t\t<div class=\"elementor-element elementor-element-910f4c8 elementor-position-top elementor-widget elementor-widget-image-box\" data-id=\"910f4c8\" data-element_type=\"widget\" data-e-type=\"widget\" data-widget_type=\"image-box.default\">\n\t\t\t\t<div class=\"elementor-widget-container\">\n\t\t\t\t\t<div class=\"elementor-image-box-wrapper\"><figure class=\"elementor-image-box-img\"><a href=\"https:\/\/www.daras.eu\/asm\/4-peintures-des-villes-et-villages\/\" tabindex=\"-1\"><img loading=\"lazy\" decoding=\"async\" width=\"31\" height=\"27\" src=\"https:\/\/www.daras.eu\/wp-content\/uploads\/2025\/02\/Gauche.jpg\" class=\"attachment-thumbnail size-thumbnail wp-image-6125\" alt=\"\" \/><\/a><\/figure><div class=\"elementor-image-box-content\"><h3 class=\"elementor-image-box-title\"><a href=\"https:\/\/www.daras.eu\/asm\/4-peintures-des-villes-et-villages\/\">PRECEDENT<\/a><\/h3><p class=\"elementor-image-box-description\">Peinture des villes<\/p><\/div><\/div>\t\t\t\t<\/div>\n\t\t\t\t<\/div>\n\t\t\t\t<div class=\"elementor-element elementor-element-715cec4 elementor-position-top elementor-widget elementor-widget-image-box\" data-id=\"715cec4\" data-element_type=\"widget\" data-e-type=\"widget\" data-widget_type=\"image-box.default\">\n\t\t\t\t<div class=\"elementor-widget-container\">\n\t\t\t\t\t<div class=\"elementor-image-box-wrapper\"><figure class=\"elementor-image-box-img\"><a href=\"https:\/\/www.daras.eu\/asm\/5-autres-peintures\/\" tabindex=\"-1\"><img loading=\"lazy\" decoding=\"async\" width=\"34\" height=\"25\" src=\"https:\/\/www.daras.eu\/wp-content\/uploads\/2025\/02\/droite.jpg\" class=\"attachment-thumbnail size-thumbnail wp-image-6124\" alt=\"\" \/><\/a><\/figure><div class=\"elementor-image-box-content\"><h3 class=\"elementor-image-box-title\"><a href=\"https:\/\/www.daras.eu\/asm\/5-autres-peintures\/\">SUIVANT<\/a><\/h3><p class=\"elementor-image-box-description\">Autres peintures<\/p><\/div><\/div>\t\t\t\t<\/div>\n\t\t\t\t<\/div>\n\t\t\t\t<\/div>\n\t\t<div class=\"elementor-element elementor-element-5fe9dfc e-flex e-con-boxed e-con e-parent\" data-id=\"5fe9dfc\" data-element_type=\"container\" data-e-type=\"container\">\n\t\t\t\t\t<div class=\"e-con-inner\">\n\t\t\t\t\t<\/div>\n\t\t\t\t<\/div>\n\t\t\t\t<\/div>\n\t\t","protected":false},"excerpt":{"rendered":"<p>&#8211;\u00a0 \u00a0 Peintures de la campagne et des villages Albert Siffait de Moncourt \u00ab\u00a0aime les froids cr\u00e9puscules et tout aussi bien les matinales et discr\u00e8tes lumi\u00e8res. Quoi d\u2019\u00e9tonnant si sa peinture fuit les violences ? Quoi d\u2019\u00e9tonnant si, naturaliste, elle baigne dans le myst\u00e8re et la po\u00e9sie m\u00eames de ce sol ?\u00a0\u00bbXVII\u00e8me Exposition des Rosati [&hellip;]<\/p>\n","protected":false},"author":1,"featured_media":0,"parent":0,"menu_order":0,"comment_status":"closed","ping_status":"closed","template":"","meta":{"site-sidebar-layout":"no-sidebar","site-content-layout":"page-builder","ast-site-content-layout":"full-width-container","site-content-style":"default","site-sidebar-style":"default","ast-global-header-display":"","ast-banner-title-visibility":"","ast-main-header-display":"","ast-hfb-above-header-display":"","ast-hfb-below-header-display":"","ast-hfb-mobile-header-display":"","site-post-title":"disabled","ast-breadcrumbs-content":"","ast-featured-img":"disabled","footer-sml-layout":"","ast-disable-related-posts":"","theme-transparent-header-meta":"","adv-header-id-meta":"","stick-header-meta":"","header-above-stick-meta":"","header-main-stick-meta":"","header-below-stick-meta":"","astra-migrate-meta-layouts":"set","ast-page-background-enabled":"default","ast-page-background-meta":{"desktop":{"background-color":"var(--ast-global-color-4)","background-image":"","background-repeat":"repeat","background-position":"center center","background-size":"auto","background-attachment":"scroll","background-type":"","background-media":"","overlay-type":"","overlay-color":"","overlay-opacity":"","overlay-gradient":""},"tablet":{"background-color":"","background-image":"","background-repeat":"repeat","background-position":"center center","background-size":"auto","background-attachment":"scroll","background-type":"","background-media":"","overlay-type":"","overlay-color":"","overlay-opacity":"","overlay-gradient":""},"mobile":{"background-color":"","background-image":"","background-repeat":"repeat","background-position":"center center","background-size":"auto","background-attachment":"scroll","background-type":"","background-media":"","overlay-type":"","overlay-color":"","overlay-opacity":"","overlay-gradient":""}},"ast-content-background-meta":{"desktop":{"background-color":"var(--ast-global-color-5)","background-image":"","background-repeat":"repeat","background-position":"center center","background-size":"auto","background-attachment":"scroll","background-type":"","background-media":"","overlay-type":"","overlay-color":"","overlay-opacity":"","overlay-gradient":""},"tablet":{"background-color":"var(--ast-global-color-5)","background-image":"","background-repeat":"repeat","background-position":"center center","background-size":"auto","background-attachment":"scroll","background-type":"","background-media":"","overlay-type":"","overlay-color":"","overlay-opacity":"","overlay-gradient":""},"mobile":{"background-color":"var(--ast-global-color-5)","background-image":"","background-repeat":"repeat","background-position":"center center","background-size":"auto","background-attachment":"scroll","background-type":"","background-media":"","overlay-type":"","overlay-color":"","overlay-opacity":"","overlay-gradient":""}},"footnotes":""},"class_list":["post-3361","page","type-page","status-publish","hentry"],"rttpg_featured_image_url":null,"rttpg_author":{"display_name":"xdaras","author_link":"https:\/\/www.daras.eu\/asm\/author\/xdaras\/"},"rttpg_comment":0,"rttpg_category":null,"rttpg_excerpt":"&#8211;\u00a0 \u00a0 Peintures de la campagne et des villages Albert Siffait de Moncourt \u00ab\u00a0aime les froids cr\u00e9puscules et tout aussi bien les matinales et discr\u00e8tes lumi\u00e8res. Quoi d\u2019\u00e9tonnant si sa peinture fuit les violences ? Quoi d\u2019\u00e9tonnant si, naturaliste, elle baigne dans le myst\u00e8re et la po\u00e9sie m\u00eames de ce sol ?\u00a0\u00bbXVII\u00e8me Exposition des Rosati\u2026","_links":{"self":[{"href":"https:\/\/www.daras.eu\/asm\/wp-json\/wp\/v2\/pages\/3361","targetHints":{"allow":["GET"]}}],"collection":[{"href":"https:\/\/www.daras.eu\/asm\/wp-json\/wp\/v2\/pages"}],"about":[{"href":"https:\/\/www.daras.eu\/asm\/wp-json\/wp\/v2\/types\/page"}],"author":[{"embeddable":true,"href":"https:\/\/www.daras.eu\/asm\/wp-json\/wp\/v2\/users\/1"}],"replies":[{"embeddable":true,"href":"https:\/\/www.daras.eu\/asm\/wp-json\/wp\/v2\/comments?post=3361"}],"version-history":[{"count":208,"href":"https:\/\/www.daras.eu\/asm\/wp-json\/wp\/v2\/pages\/3361\/revisions"}],"predecessor-version":[{"id":8486,"href":"https:\/\/www.daras.eu\/asm\/wp-json\/wp\/v2\/pages\/3361\/revisions\/8486"}],"wp:attachment":[{"href":"https:\/\/www.daras.eu\/asm\/wp-json\/wp\/v2\/media?parent=3361"}],"curies":[{"name":"wp","href":"https:\/\/api.w.org\/{rel}","templated":true}]}}